{"id":6484,"date":"2017-05-23T22:49:46","date_gmt":"2017-05-23T20:49:46","guid":{"rendered":"https:\/\/www.viteffect.de\/contacto\/"},"modified":"2021-05-24T16:55:40","modified_gmt":"2021-05-24T14:55:40","slug":"contacto","status":"publish","type":"page","link":"https:\/\/viteffect.de\/es\/contacto\/","title":{"rendered":"Contacto"},"content":{"rendered":"<div class=\"wpb-content-wrapper\">[vc_row][vc_column width=\u00bb1\/2&#8243;][vc_column_text]\n<h3><span style=\"color: #2c932c;\">Contacto \/ Aviso legal<\/span><\/h3>\n[\/vc_column_text][vc_empty_space][vc_column_text]<b>Disponible en exclusiva a trav\u00e9s de:<\/b><\/p>\n<p>swk21media GmbH<\/p>\n<p>Sonnenring 7<\/p>\n<p>D-84036 Kumhausen<\/p>\n<p>+49 3212 \/ 1165293<\/p>\n<p>&nbsp;<\/p>\n<p>Estimados clientes de VitEffect:<\/p>\n<p>\u00daltimamente se han producido errores en nuestro sitio web, por lo que nos gustar\u00eda comunicarles la siguiente informaci\u00f3n: es posible que, en casos excepcionales, no sea posible realizar pedidos a trav\u00e9s de nuestra p\u00e1gina o los clientes no reciban la confirmaci\u00f3n correspondiente. Si tiene alguna pregunta relativa a su pedido, env\u00edenos un mensaje a kontakt@viteffect.de.<\/p>\n<p>&nbsp;<\/p>\n<p>Uno de nuestros empleados se pondr\u00e1 en contacto con usted lo antes posible.<\/p>\n<p><a href=\"mailto:kontakt@viteffect.de\">kontakt@viteffect.de<\/a><\/p>\n<p>Gerente: Gerhard Kern<\/p>\n<p>Juzgado de Han\u00f3ver, HRB 211120<\/p>\n<p>N.\u00ba de IVA: DE294415117<\/p>\n<p>&nbsp;<\/p>\n<p>Vis\u00edtenos en Facebook:<\/p>\n<p>https:\/\/www.facebook.com\/VitEffect\/[\/vc_column_text][\/vc_column][vc_column width=\u00bb1\/2&#8243;][vc_column_text]\n<h3><span style=\"color: #2c932c;\">Formulario de contacto<\/span><\/h3>\n[\/vc_column_text][vc_empty_space]\n<div class=\"wpcf7 no-js\" id=\"wpcf7-f45-o1\" lang=\"en-US\" dir=\"ltr\" data-wpcf7-id=\"45\">\n<div class=\"screen-reader-response\"><p role=\"status\" aria-live=\"polite\" aria-atomic=\"true\"><\/p> <ul><\/ul><\/div>\n<form action=\"\/es\/wp-json\/wp\/v2\/pages\/6484#wpcf7-f45-o1\" method=\"post\" class=\"wpcf7-form init\" aria-label=\"Contact form\" novalidate=\"novalidate\" data-status=\"init\">\n<fieldset class=\"hidden-fields-container\"><input type=\"hidden\" name=\"_wpcf7\" value=\"45\" \/><input type=\"hidden\" name=\"_wpcf7_version\" value=\"6.1.5\" \/><input type=\"hidden\" name=\"_wpcf7_locale\" value=\"en_US\" \/><input type=\"hidden\" name=\"_wpcf7_unit_tag\" value=\"wpcf7-f45-o1\" \/><input type=\"hidden\" name=\"_wpcf7_container_post\" value=\"0\" \/><input type=\"hidden\" name=\"_wpcf7_posted_data_hash\" value=\"\" \/>\n<\/fieldset>\n<div class=\"wpcf7-turnstile cf-turnstile\" data-sitekey=\"0x4AAAAAAB7WMVX34I3r1Smy\" data-response-field-name=\"_wpcf7_turnstile_response\"><\/div>\n\n<p>Name (Pflichtfeld)\n<\/p>\n<p><span class=\"wpcf7-form-control-wrap\" data-name=\"your-name\"><input size=\"40\" maxlength=\"400\" class=\"wpcf7-form-control wpcf7-text wpcf7-validates-as-required\" aria-required=\"true\" aria-invalid=\"false\" value=\"\" type=\"text\" name=\"your-name\" \/><\/span>\n<\/p>\n<p>Email (Pflichtfeld)\n<\/p>\n<p><span class=\"wpcf7-form-control-wrap\" data-name=\"your-email\"><input size=\"40\" maxlength=\"400\" class=\"wpcf7-form-control wpcf7-email wpcf7-validates-as-required wpcf7-text wpcf7-validates-as-email\" aria-required=\"true\" aria-invalid=\"false\" value=\"\" type=\"email\" name=\"your-email\" \/><\/span>\n<\/p>\n<p>Telefonnummer\n<\/p>\n<p><span class=\"wpcf7-form-control-wrap\" data-name=\"tel-12\"><input size=\"40\" maxlength=\"400\" class=\"wpcf7-form-control wpcf7-tel wpcf7-text wpcf7-validates-as-tel\" aria-invalid=\"false\" value=\"\" type=\"tel\" name=\"tel-12\" \/><\/span>\n<\/p>\n<p>Betreff (Pflichtfeld)\n<\/p>\n<p><span class=\"wpcf7-form-control-wrap\" data-name=\"your-subject\"><input size=\"40\" maxlength=\"400\" class=\"wpcf7-form-control wpcf7-text wpcf7-validates-as-required\" aria-required=\"true\" aria-invalid=\"false\" value=\"\" type=\"text\" name=\"your-subject\" \/><\/span>\n<\/p>\n<p>Ihre Nachricht (Pflichtfeld)\n<\/p>\n<p><span class=\"wpcf7-form-control-wrap\" data-name=\"your-message\"><textarea cols=\"40\" rows=\"10\" maxlength=\"2000\" class=\"wpcf7-form-control wpcf7-textarea wpcf7-validates-as-required\" aria-required=\"true\" aria-invalid=\"false\" name=\"your-message\"><\/textarea><\/span>\n<\/p>\n<p><input class=\"wpcf7-form-control wpcf7-submit has-spinner\" type=\"submit\" value=\"Send\" \/>\n<\/p><div class=\"wpcf7-response-output\" aria-hidden=\"true\"><\/div>\n<\/form>\n<\/div>\n[\/vc_column][\/vc_row]\n<\/div>","protected":false},"excerpt":{"rendered":"[vc_row][vc_column width=\u00bb1\/2&#8243;][vc_column_text] Contacto \/ Aviso legal [\/vc_column_text][vc_empty_space][vc_column_text]Disponible en exclusiva a trav\u00e9s de: swk21media GmbH Sonnenring 7 D-84036 Kumhausen +49 3212 \/ 1165293 &nbsp; Estimados clientes de VitEffect: \u00daltimamente se han producido errores en nuestro sitio web, por lo que nos gustar\u00eda comunicarles la siguiente informaci\u00f3n: es posible que, en casos excepcionales, no sea posible realizar [&#8230;]\n","protected":false},"author":2,"featured_media":0,"parent":0,"menu_order":0,"comment_status":"closed","ping_status":"closed","template":"","meta":{"_acf_changed":false,"footnotes":"","_links_to":"","_links_to_target":""},"class_list":["post-6484","page","type-page","status-publish","hentry"],"acf":[],"_links":{"self":[{"href":"https:\/\/viteffect.de\/es\/wp-json\/wp\/v2\/pages\/6484","targetHints":{"allow":["GET"]}}],"collection":[{"href":"https:\/\/viteffect.de\/es\/wp-json\/wp\/v2\/pages"}],"about":[{"href":"https:\/\/viteffect.de\/es\/wp-json\/wp\/v2\/types\/page"}],"author":[{"embeddable":true,"href":"https:\/\/viteffect.de\/es\/wp-json\/wp\/v2\/users\/2"}],"replies":[{"embeddable":true,"href":"https:\/\/viteffect.de\/es\/wp-json\/wp\/v2\/comments?post=6484"}],"version-history":[{"count":4,"href":"https:\/\/viteffect.de\/es\/wp-json\/wp\/v2\/pages\/6484\/revisions"}],"predecessor-version":[{"id":29126,"href":"https:\/\/viteffect.de\/es\/wp-json\/wp\/v2\/pages\/6484\/revisions\/29126"}],"wp:attachment":[{"href":"https:\/\/viteffect.de\/es\/wp-json\/wp\/v2\/media?parent=6484"}],"curies":[{"name":"wp","href":"https:\/\/api.w.org\/{rel}","templated":true}]}}