{"id":39610,"date":"2021-11-28T18:01:53","date_gmt":"2021-11-28T17:01:53","guid":{"rendered":"https:\/\/viteffect.de\/product\/extragenuss-hafer-rezepte\/"},"modified":"2024-10-13T20:13:18","modified_gmt":"2024-10-13T18:13:18","slug":"extragenuss-hafer-rezepte","status":"publish","type":"product","link":"https:\/\/viteffect.de\/es\/product\/extragenuss-hafer-rezepte\/","title":{"rendered":"10 DISFRUTE EXTRA CON SALVADO DE AVENA"},"content":{"rendered":"<p>En estos folletos encontrar\u00e1s 7 recetas de salvado de avena f\u00e1ciles de preparar para la fase de reducci\u00f3n y despu\u00e9s.<\/p>\n<p>Adem\u00e1s, incluye 3 deliciosas recetas de postres con salvado de avena.<\/p>\n<p>\u00a1Comienza la cura de forma segura con a\u00fan m\u00e1s ideas de recetas deliciosas, ahora nuevo con el superalimento salvado de avena!<\/p>\n","protected":false},"excerpt":{"rendered":"<p>Precios incl. IVA.<\/p>\n<p>10 DISFRUTE EXTRA CONSALVADO DE AVENA &#8211; con nuevas recetas de salvado de avena y consejos!<\/p>\n<p><strong>\u00a1El cup\u00f3n no es canjeable para este producto!<\/strong><\/p>\n<p><strong>Precios por cantidad del FOLLETO DISFRUTE EXTRA CON SALVADO DE AVENA.<\/strong><\/p>\n<style type=\"text\/css\">#go-pricing-table-53718 .gw-go-col-wrap { min-width:130px; } #go-pricing-table-53718 .gw-go-col-inner { border-radius:0 0 0 0; } #go-pricing-table-53718 .gw-go-tooltip-content { background-color:#9d9d9d;color:#666; } #go-pricing-table-53718 .gw-go-tooltip:before { border-top-color:#9d9d9d; } #go-pricing-table-53718 .gw-go-col-wrap-0.gw-go-hover .gw-go-header-top { background-color:#2c932c; } #go-pricing-table-53718 .gw-go-col-wrap-0 .gw-go-price-wrap span, #go-pricing-table-53718 .gw-go-col-wrap-0 .gw-go-coinf div, #go-pricing-table-53718 .gw-go-col-wrap-0 .gw-go-coinb div { color:#2c932c; } #go-pricing-table-53718 .gw-go-col-wrap-0 .gw-go-header h3 { font-size:15px !important; line-height:12px !important; } #go-pricing-table-53718 .gw-go-col-wrap-0 .gw-go-price-wrap > span{ font-size:21px !important; line-height:10px !important; } #go-pricing-table-53718 .gw-go-col-wrap-1.gw-go-hover .gw-go-header-top { background-color:#2c932c; } #go-pricing-table-53718 .gw-go-col-wrap-1 .gw-go-price-wrap span, #go-pricing-table-53718 .gw-go-col-wrap-1 .gw-go-coinf div, #go-pricing-table-53718 .gw-go-col-wrap-1 .gw-go-coinb div { color:#2c932c; } #go-pricing-table-53718 .gw-go-col-wrap-1 .gw-go-header h3 { font-size:15px !important; line-height:12px !important; } #go-pricing-table-53718 .gw-go-col-wrap-1 .gw-go-price-wrap > span{ font-size:21px !important; } #go-pricing-table-53718 .gw-go { visibility:inherit; }<\/style><style>@media only screen and (max-width: 479px) { #go-pricing-table-53718 .gw-go-col-wrap { width:100%; } }<\/style><style>@media only screen and (max-width: 479px) { .gw-go-tooltip { left:50% !important; right:auto !important; transform: translateX(-50%) !important; margin-left:0!important; } .gw-go-tooltip-content:before { right:auto !important; left:50% !important; margin-left:-6px !important; } }<\/style><div id=\"go-pricing-table-53718\" class=\"go-pricing\" style=\"margin-bottom:20px;\"><div class=\"gw-go gw-go-clearfix gw-go-enlarge-current gw-go-2cols\" data-id=\"53718\" data-colnum=\"2\" data-equalize=\"{&quot;column&quot;:&quot;1&quot;,&quot;body&quot;:&quot;1&quot;,&quot;footer&quot;:&quot;1&quot;}\" data-views=\"{&quot;tp&quot;:{&quot;min&quot;:&quot;768&quot;,&quot;max&quot;:&quot;959&quot;,&quot;cols&quot;:&quot;&quot;},&quot;ml&quot;:{&quot;min&quot;:&quot;480&quot;,&quot;max&quot;:&quot;767&quot;,&quot;cols&quot;:&quot;2&quot;},&quot;mp&quot;:{&quot;min&quot;:&quot;&quot;,&quot;max&quot;:&quot;479&quot;,&quot;cols&quot;:&quot;1&quot;}}\"><div class=\"gw-go-col-wrap gw-go-col-wrap-0 gw-go-disable-enlarge\" data-col-index=\"0\"><div class=\"gw-go-col gw-go-clean-style1\"><div class=\"gw-go-col-inner\"><div class=\"gw-go-col-inner-layer\"><\/div><div class=\"gw-go-col-inner-layer-over\"><\/div><div class=\"gw-go-header gw-go-header-standard\"><div class=\"gw-go-header-top\"><h3>de 1 x 10  unidades:<\/h3><\/div><div class=\"gw-go-header-bottom\"><div class=\"gw-go-price-wrap\"><span>9,00 \u20ac<\/span><small><\/small><\/div><\/div><\/div><\/div><\/div><\/div><div class=\"gw-go-col-wrap gw-go-col-wrap-1 gw-go-disable-enlarge\" data-col-index=\"1\"><div class=\"gw-go-col gw-go-clean-style1\"><div class=\"gw-go-col-inner\"><div class=\"gw-go-col-inner-layer\"><\/div><div class=\"gw-go-col-inner-layer-over\"><\/div><div class=\"gw-go-header gw-go-header-standard\"><div class=\"gw-go-header-top\"><h3>de 3 x 10  unidades:<\/h3><\/div><div class=\"gw-go-header-bottom\"><div class=\"gw-go-price-wrap\"><span>7,50 \u20ac<\/span><small><\/small><\/div><\/div><\/div><\/div><\/div><\/div><\/div><\/div>\n<p>Para diferentes idiomas de los folletos<\/p>\n<p>\ud83c\udde9\ud83c\uddea \ud83c\uddec\ud83c\udde7 \ud83c\uddeb\ud83c\uddf7 \ud83c\uddee\ud83c\uddf9 \ud83c\uddf1\ud83c\uddfa \ud83c\uddea\ud83c\uddf8 \u200b\u200b\ud83c\uddf5\ud83c\uddf1<\/p>\n<p>Elige una opci\u00f3n \ud83d\udd3d<\/p>\n","protected":false},"featured_media":53676,"template":"","meta":{"_acf_changed":false,"_links_to":"","_links_to_target":""},"product_brand":[],"product_cat":[360],"product_tag":[],"class_list":{"0":"post-39610","1":"product","2":"type-product","3":"status-publish","4":"has-post-thumbnail","6":"product_cat-hafer-es","7":"product_shipping_class-broschueren-es","9":"first","10":"instock","11":"taxable","12":"shipping-taxable","13":"purchasable","14":"product-type-variable"},"acf":[],"_links":{"self":[{"href":"https:\/\/viteffect.de\/es\/wp-json\/wp\/v2\/product\/39610","targetHints":{"allow":["GET"]}}],"collection":[{"href":"https:\/\/viteffect.de\/es\/wp-json\/wp\/v2\/product"}],"about":[{"href":"https:\/\/viteffect.de\/es\/wp-json\/wp\/v2\/types\/product"}],"wp:featuredmedia":[{"embeddable":true,"href":"https:\/\/viteffect.de\/es\/wp-json\/wp\/v2\/media\/53676"}],"wp:attachment":[{"href":"https:\/\/viteffect.de\/es\/wp-json\/wp\/v2\/media?parent=39610"}],"wp:term":[{"taxonomy":"product_brand","embeddable":true,"href":"https:\/\/viteffect.de\/es\/wp-json\/wp\/v2\/product_brand?post=39610"},{"taxonomy":"product_cat","embeddable":true,"href":"https:\/\/viteffect.de\/es\/wp-json\/wp\/v2\/product_cat?post=39610"},{"taxonomy":"product_tag","embeddable":true,"href":"https:\/\/viteffect.de\/es\/wp-json\/wp\/v2\/product_tag?post=39610"}],"curies":[{"name":"wp","href":"https:\/\/api.w.org\/{rel}","templated":true}]}}