{"id":43984,"date":"2022-12-13T13:02:53","date_gmt":"2022-12-13T12:02:53","guid":{"rendered":"https:\/\/viteffect.de\/?post_type=product&#038;p=43984"},"modified":"2025-12-02T22:57:04","modified_gmt":"2025-12-02T21:57:04","slug":"es-2","status":"publish","type":"product","link":"https:\/\/viteffect.de\/es\/product\/es-2\/","title":{"rendered":"Folleto &#8211; Cura Metab\u00f3lica"},"content":{"rendered":"<p>En esta gu\u00eda sobre la cura metab\u00f3lica, encontrar\u00e1 un resumen sobre el programa, las diferentes fases y multitud de consejos \u00fatiles.<\/p>\n<p>Comience la cura con buen pie gracias a nuestras exquisitas recetas, ahora tambi\u00e9n con opciones veganas.<\/p>\n","protected":false},"excerpt":{"rendered":"<p>Los precios incluyen IVA.<\/p>\n<p>Gu\u00eda sobre la cura metab\u00f3lica, con fant\u00e1sticas recetas y consejos.<\/p>\n<p><strong>Cup\u00f3n no canjeable con este producto.<\/strong><\/p>\n<p>Para diferentes idiomas de los folletos.<\/p>\n<p>\ud83c\udde9\ud83c\uddea \ud83c\uddec\ud83c\udde7 \ud83c\uddeb\ud83c\uddf7 \ud83c\uddee\ud83c\uddf9 \ud83c\uddf1\ud83c\uddfa \ud83c\uddea\ud83c\uddf8 \u200b\u200b\ud83c\uddf5\ud83c\uddf1<\/p>\n<p>Elige una opci\u00f3n \ud83d\udd3d<\/p>\n","protected":false},"featured_media":44191,"template":"","meta":{"_acf_changed":false,"_links_to":"","_links_to_target":""},"product_brand":[],"product_cat":[78],"product_tag":[],"class_list":{"0":"post-43984","1":"product","2":"type-product","3":"status-publish","4":"has-post-thumbnail","6":"product_cat-guia-sobre-la-cura-metabolica","7":"product_shipping_class-broschueren-es","9":"first","10":"instock","11":"taxable","12":"shipping-taxable","13":"purchasable","14":"product-type-variable"},"acf":[],"_links":{"self":[{"href":"https:\/\/viteffect.de\/es\/wp-json\/wp\/v2\/product\/43984","targetHints":{"allow":["GET"]}}],"collection":[{"href":"https:\/\/viteffect.de\/es\/wp-json\/wp\/v2\/product"}],"about":[{"href":"https:\/\/viteffect.de\/es\/wp-json\/wp\/v2\/types\/product"}],"wp:featuredmedia":[{"embeddable":true,"href":"https:\/\/viteffect.de\/es\/wp-json\/wp\/v2\/media\/44191"}],"wp:attachment":[{"href":"https:\/\/viteffect.de\/es\/wp-json\/wp\/v2\/media?parent=43984"}],"wp:term":[{"taxonomy":"product_brand","embeddable":true,"href":"https:\/\/viteffect.de\/es\/wp-json\/wp\/v2\/product_brand?post=43984"},{"taxonomy":"product_cat","embeddable":true,"href":"https:\/\/viteffect.de\/es\/wp-json\/wp\/v2\/product_cat?post=43984"},{"taxonomy":"product_tag","embeddable":true,"href":"https:\/\/viteffect.de\/es\/wp-json\/wp\/v2\/product_tag?post=43984"}],"curies":[{"name":"wp","href":"https:\/\/api.w.org\/{rel}","templated":true}]}}