{"id":6650,"date":"2015-10-28T15:20:13","date_gmt":"2015-10-28T14:20:13","guid":{"rendered":"https:\/\/www.viteffect.de\/shop\/viteffect21-himalayasalz-2\/"},"modified":"2022-12-14T09:01:02","modified_gmt":"2022-12-14T08:01:02","slug":"viteffect21-himalayasalz","status":"publish","type":"product","link":"https:\/\/viteffect.de\/es\/product\/viteffect21-himalayasalz\/","title":{"rendered":"VitEffect21\u00ae &#8211; Nuestra sal cl\u00e1sica"},"content":{"rendered":"<p><strong>Nuestro cl\u00e1sico: El preparado especial a base de sal ecol\u00f3gica del Himalaya.<\/strong><\/p>\n<p>Entre sus componentes, se encuentran tanto la sal del Himalaya, tratada con un procedimiento especial,\u00a0como trazas de L-carnitina y caf\u00e9 ecol\u00f3gico de tierras altas.<\/p>\n<p><strong><i>VitEffect21<b>\u00ae<\/b><\/i> no contiene az\u00facar (sacarosa) ni alcohol, y no es un producto homeop\u00e1tico.<\/strong><\/p>\n<p>&nbsp;<\/p>\n<p><b>Informaci\u00f3n obligatoria desde el punto de vista legal:<\/b><\/p>\n<p>10 g = 29,90 euros; 100 g = 373,75 euros (VitEffect21)<\/p>\n<p><i>Todos los precios incluyen el 7 % de IVA.<\/i><\/p>\n","protected":false},"excerpt":{"rendered":"<p>Los precios incluyen IVA.<\/p>\n<p><strong>Cup\u00f3n canjeable en la cesta.<\/strong><\/p>\n<p><b>Precio de VitEffect21\u00ae Sal del Himalaya por cantidades:<\/b><\/p>\n<style type=\"text\/css\">#go-pricing-table-44079 .gw-go-col-wrap { min-width:130px; } #go-pricing-table-44079 .gw-go-col-inner { border-radius:0 0 0 0; } #go-pricing-table-44079 .gw-go-tooltip-content { background-color:#9d9d9d;color:#666; } #go-pricing-table-44079 .gw-go-tooltip:before { border-top-color:#9d9d9d; } #go-pricing-table-44079 .gw-go-col-wrap-0 .gw-go-col.gw-go-clean-style12 .gw-go-header h3 { color:#2c932c; } #go-pricing-table-44079 .gw-go-col-wrap-0 .gw-go-col.gw-go-clean-style12 .gw-go-btn { background-color:#2c932c; } #go-pricing-table-44079 .gw-go-col-wrap-0 .gw-go-header h3 { line-height:10px !important; font-weight:bold !important; } #go-pricing-table-44079 .gw-go-col-wrap-0 .gw-go-header h3 small { font-size:18px !important; line-height:10px !important; font-weight:bold !important; } #go-pricing-table-44079 .gw-go-col-wrap-0 .gw-go-body li[data-row-index=\"0\"] { font-size:16px !important; line-height:25px !important; } #go-pricing-table-44079 .gw-go-col-wrap-0 .gw-go-body li[data-row-index=\"1\"] { font-size:16px !important; line-height:25px !important; } #go-pricing-table-44079 .gw-go-col-wrap-0 .gw-go-body li[data-row-index=\"2\"] { font-size:16px !important; line-height:25px !important; } #go-pricing-table-44079 .gw-go-col-wrap-0 .gw-go-body li[data-row-index=\"3\"] { font-size:16px !important; line-height:25px !important; } #go-pricing-table-44079 .gw-go-col-wrap-1 .gw-go-col.gw-go-clean-style12 .gw-go-header h3 { color:#2c932c; } #go-pricing-table-44079 .gw-go-col-wrap-1 .gw-go-col.gw-go-clean-style12 .gw-go-btn { background-color:#2c932c; } #go-pricing-table-44079 .gw-go-col-wrap-1 .gw-go-header h3 { line-height:10px !important; font-weight:bold !important; } #go-pricing-table-44079 .gw-go-col-wrap-1 .gw-go-header h3 small { font-size:18px !important; line-height:10px !important; font-weight:bold !important; } #go-pricing-table-44079 .gw-go-col-wrap-1 .gw-go-body li[data-row-index=\"0\"] { font-size:16px !important; line-height:25px !important; } #go-pricing-table-44079 .gw-go-col-wrap-1 .gw-go-body li[data-row-index=\"1\"] { font-size:16px !important; line-height:25px !important; } #go-pricing-table-44079 .gw-go-col-wrap-1 .gw-go-body li[data-row-index=\"2\"] { font-size:16px !important; line-height:25px !important; } #go-pricing-table-44079 .gw-go-col-wrap-1 .gw-go-body li[data-row-index=\"3\"] { font-size:16px !important; line-height:25px !important; } #go-pricing-table-44079 .gw-go { visibility:inherit; }<\/style><div id=\"go-pricing-table-44079\" class=\"go-pricing\" style=\"margin-bottom:20px;\"><div class=\"gw-go gw-go-clearfix gw-go-2cols\" data-id=\"44079\" data-colnum=\"2\" data-equalize=\"{&quot;column&quot;:&quot;1&quot;,&quot;body&quot;:&quot;1&quot;,&quot;footer&quot;:&quot;1&quot;}\" data-views=\"{&quot;tp&quot;:{&quot;min&quot;:&quot;768&quot;,&quot;max&quot;:&quot;959&quot;,&quot;cols&quot;:&quot;&quot;},&quot;ml&quot;:{&quot;min&quot;:&quot;480&quot;,&quot;max&quot;:&quot;767&quot;,&quot;cols&quot;:&quot;2&quot;},&quot;mp&quot;:{&quot;min&quot;:&quot;&quot;,&quot;max&quot;:&quot;479&quot;,&quot;cols&quot;:&quot;2&quot;}}\"><div class=\"gw-go-col-wrap gw-go-col-wrap-0 gw-go-hover gw-go-disable-enlarge gw-go-disable-hover\" data-current=\"1\" data-col-index=\"0\"><div class=\"gw-go-col gw-go-clean-style12\"><div class=\"gw-go-col-inner\"><div class=\"gw-go-col-inner-layer\"><\/div><div class=\"gw-go-col-inner-layer-over\"><\/div><div class=\"gw-go-header gw-go-header-standard\"><h3>Candidad<small><\/small><\/h3><div class=\"gw-go-header-bottom\"><\/div><\/div><ul class=\"gw-go-body\"><li data-row-index=\"0\"><div class=\"gw-go-body-cell\">1 unidad<\/div><\/li><li class=\"gw-go-even\" data-row-index=\"1\"><div class=\"gw-go-body-cell\">de 3 unidades<\/div><\/li><li data-row-index=\"2\"><div class=\"gw-go-body-cell\">de 10 unidades<\/div><\/li><li class=\"gw-go-even\" data-row-index=\"3\"><div class=\"gw-go-body-cell\">de 50 unidades<\/div><\/li><\/ul><\/div><\/div><\/div><div class=\"gw-go-col-wrap gw-go-col-wrap-1 gw-go-hover gw-go-disable-enlarge gw-go-disable-hover\" data-current=\"1\" data-col-index=\"1\"><div class=\"gw-go-col gw-go-clean-style12\"><div class=\"gw-go-col-inner\"><div class=\"gw-go-col-inner-layer\"><\/div><div class=\"gw-go-col-inner-layer-over\"><\/div><div class=\"gw-go-header gw-go-header-standard\"><h3>Precio por unidad<small><\/small><\/h3><div class=\"gw-go-header-bottom\"><\/div><\/div><ul class=\"gw-go-body\"><li data-row-index=\"0\"><div class=\"gw-go-body-cell\">35,90 \u20ac<\/div><\/li><li class=\"gw-go-even\" data-row-index=\"1\"><div class=\"gw-go-body-cell\">33,90 \u20ac<\/div><\/li><li data-row-index=\"2\"><div class=\"gw-go-body-cell\">29,90 \u20ac<\/div><\/li><li class=\"gw-go-even\" data-row-index=\"3\"><div class=\"gw-go-body-cell\">26,90 \u20ac<\/div><\/li><\/ul><\/div><\/div><\/div><\/div><\/div>\n","protected":false},"featured_media":6587,"template":"","meta":{"_acf_changed":false,"_links_to":"","_links_to_target":""},"product_brand":[],"product_cat":[74],"product_tag":[],"class_list":{"0":"post-6650","1":"product","2":"type-product","3":"status-publish","4":"has-post-thumbnail","6":"product_cat-himalayasalz-es","7":"product_shipping_class-salze-und-globuli-es","9":"first","10":"instock","11":"taxable","12":"shipping-taxable","13":"purchasable","14":"product-type-simple"},"acf":[],"_links":{"self":[{"href":"https:\/\/viteffect.de\/es\/wp-json\/wp\/v2\/product\/6650","targetHints":{"allow":["GET"]}}],"collection":[{"href":"https:\/\/viteffect.de\/es\/wp-json\/wp\/v2\/product"}],"about":[{"href":"https:\/\/viteffect.de\/es\/wp-json\/wp\/v2\/types\/product"}],"wp:featuredmedia":[{"embeddable":true,"href":"https:\/\/viteffect.de\/es\/wp-json\/wp\/v2\/media\/6587"}],"wp:attachment":[{"href":"https:\/\/viteffect.de\/es\/wp-json\/wp\/v2\/media?parent=6650"}],"wp:term":[{"taxonomy":"product_brand","embeddable":true,"href":"https:\/\/viteffect.de\/es\/wp-json\/wp\/v2\/product_brand?post=6650"},{"taxonomy":"product_cat","embeddable":true,"href":"https:\/\/viteffect.de\/es\/wp-json\/wp\/v2\/product_cat?post=6650"},{"taxonomy":"product_tag","embeddable":true,"href":"https:\/\/viteffect.de\/es\/wp-json\/wp\/v2\/product_tag?post=6650"}],"curies":[{"name":"wp","href":"https:\/\/api.w.org\/{rel}","templated":true}]}}