{"id":45221,"date":"2023-01-17T21:54:44","date_gmt":"2023-01-17T20:54:44","guid":{"rendered":"https:\/\/viteffect.de\/la-cure-metabolique-demarrage-rapide\/"},"modified":"2023-03-03T18:36:39","modified_gmt":"2023-03-03T17:36:39","slug":"la-cure-metabolique-demarrage-rapide","status":"publish","type":"page","link":"https:\/\/viteffect.de\/fr\/la-cure-metabolique-demarrage-rapide\/","title":{"rendered":"La cure M\u00e9tabolique d\u00e9marrage rapide"},"content":{"rendered":"<div class=\"row\"  id=\"row-1472422241\">\n\n\t<div id=\"col-161517116\" class=\"col small-12 large-12\"  >\n\t\t\t\t<div class=\"col-inner text-center\"  >\n\t\t\t\n\t\t\t\n<h1 class=\"uppercase\"><strong>La cure M\u00e9tabolique <span style=\"color: #f57921;\">d\u00e9marrage rapide<\/span><\/strong><\/h1>\n<div class=\"text-center\"><div class=\"is-divider divider clearfix\" style=\"max-width:240px;\"><\/div><\/div>\n\t\t<\/div>\n\t\t\t\t\t<\/div>\n\n\t\n<\/div>\n<div class=\"row\"  id=\"row-1655959134\">\n\n\t<div id=\"col-258092161\" class=\"col small-12 large-12\"  >\n\t\t\t\t<div class=\"col-inner text-center\"  >\n\t\t\t\n\t\t\t\n\t<div id=\"text-101159980\" class=\"text\">\n\t\t\n<p>Vous pouvez t\u00e9l\u00e9charger notre version actuellement la plus simple pour d\u00e9marrer la cure m\u00e9tabolique ici:<\/p>\n\t\t\n<style>\n#text-101159980 {\n  font-size: 1.5rem;\n  line-height: 1.45;\n  text-align: center;\n}\n<\/style>\n\t<\/div>\n\t\n<a href=\"https:\/\/viteffect.de\/wp-content\/uploads\/2023\/03\/SWK-Quickstart_fr-V.2.0.1.pdf\" target=\"_blank\" class=\"button primary\" rel=\"noopener\" style=\"border-radius:99px;\">\n\t\t<span>d\u00e9marrage rapide du PDF<\/span>\n\t<\/a>\n\n\t<div id=\"gap-1854162283\" class=\"gap-element clearfix\" style=\"display:block; height:auto;\">\n\t\t\n<style>\n#gap-1854162283 {\n  padding-top: 30px;\n}\n<\/style>\n\t<\/div>\n\t\n<div class=\"video video-fit mb\" style=\"padding-top:100%;\"><p><iframe loading=\"lazy\" hcb-fetch-image-from=\"https:\/\/vimeo.com\/788911938\/27dd9cb07c\" src=\"https:\/\/player.vimeo.com\/video\/788911938?h=27dd9cb07c&amp;dnt=1&amp;app_id=122963\" width=\"648\" height=\"898\" frameborder=\"0\" allow=\"autoplay; fullscreen; picture-in-picture\" allowfullscreen><\/iframe><\/p>\n<\/div>\n\t<div id=\"gap-1955414008\" class=\"gap-element clearfix\" style=\"display:block; height:auto;\">\n\t\t\n<style>\n#gap-1955414008 {\n  padding-top: 10px;\n}\n<\/style>\n\t<\/div>\n\t\n\t<div id=\"text-3416463394\" class=\"text\">\n\t\t\n<p>Veuillez envoyer vos suggestions et commentaires \u00e0 <a href=\"mailto:feedback@viteffect.de\">feedback@viteffect.de<\/a>.<\/p>\n<p>Vous pouvez t\u00e9l\u00e9charger notre version actuellement la plus simple pour d\u00e9marrer la cure m\u00e9tabolique ici:<\/p>\n\t\t\n<style>\n#text-3416463394 {\n  line-height: 1.45;\n  text-align: center;\n}\n<\/style>\n\t<\/div>\n\t\n<a href=\"https:\/\/viteffect.de\/wp-content\/uploads\/2023\/03\/SWK-Quickstart_fr-V.2.0.1.pdf\" target=\"_blank\" class=\"button primary\" rel=\"noopener\" style=\"border-radius:99px;\">\n\t\t<span>d\u00e9marrage rapide du PDF<\/span>\n\t<\/a>\n\n\t\t<\/div>\n\t\t\t\t\t<\/div>\n\n\t\n<\/div>\n&nbsp;<\/p>\n","protected":false},"excerpt":{"rendered":"<p>&nbsp;<\/p>\n","protected":false},"author":5,"featured_media":0,"parent":0,"menu_order":0,"comment_status":"closed","ping_status":"closed","template":"","meta":{"_acf_changed":false,"footnotes":"","_links_to":"","_links_to_target":""},"class_list":["post-45221","page","type-page","status-publish","hentry"],"acf":[],"_links":{"self":[{"href":"https:\/\/viteffect.de\/fr\/wp-json\/wp\/v2\/pages\/45221","targetHints":{"allow":["GET"]}}],"collection":[{"href":"https:\/\/viteffect.de\/fr\/wp-json\/wp\/v2\/pages"}],"about":[{"href":"https:\/\/viteffect.de\/fr\/wp-json\/wp\/v2\/types\/page"}],"author":[{"embeddable":true,"href":"https:\/\/viteffect.de\/fr\/wp-json\/wp\/v2\/users\/5"}],"replies":[{"embeddable":true,"href":"https:\/\/viteffect.de\/fr\/wp-json\/wp\/v2\/comments?post=45221"}],"version-history":[{"count":5,"href":"https:\/\/viteffect.de\/fr\/wp-json\/wp\/v2\/pages\/45221\/revisions"}],"predecessor-version":[{"id":46048,"href":"https:\/\/viteffect.de\/fr\/wp-json\/wp\/v2\/pages\/45221\/revisions\/46048"}],"wp:attachment":[{"href":"https:\/\/viteffect.de\/fr\/wp-json\/wp\/v2\/media?parent=45221"}],"curies":[{"name":"wp","href":"https:\/\/api.w.org\/{rel}","templated":true}]}}