{"id":468,"date":"2015-10-26T13:46:14","date_gmt":"2015-10-26T12:46:14","guid":{"rendered":"https:\/\/viteffect.de\/fr\/terms-of-service\/"},"modified":"2024-12-18T21:55:24","modified_gmt":"2024-12-18T20:55:24","slug":"terms-of-service","status":"publish","type":"page","link":"https:\/\/viteffect.de\/fr\/terms-of-service\/","title":{"rendered":"Conditions d&rsquo;utilisation"},"content":{"rendered":"<div class=\"wpb-content-wrapper\">[vc_row][vc_column][vc_column_text]\n<h3><span style=\"color: #2c932c;\">Conditions d&rsquo;utilisation<\/span><\/h3>\n[\/vc_column_text][vc_empty_space][\/vc_column][\/vc_row][vc_row][vc_column][vc_column_text]de<\/p>\n<div><strong>swk21media GmbH &amp; Co. KG<\/strong><\/div>\n<div>\u00a0<\/div>\n<div>Adresse pour les retours:<\/div>\n<div>Sonnenring 7,<\/div>\n<div>84036 Kumhausen<\/div>\n<div>\u00a0<\/div>\n<div>Si\u00e8ge social:<\/div>\n<div>Kleinenberger Ring 47<\/div>\n<div>31812 Bad Pyrmont<\/div>\n<div>\u00a0<\/div>\n<div>Amtsgericht Hannover: HRA 205956<\/div>\n<div>USt.-ID.: DE358800728<\/div>\n<div>\u00a0<\/div>\n<div>Tel: 05285 \/ 9907887<\/div>\n<div>E-Mail: kontakt@viteffect.de<\/div>\n<div>\u00a0<\/div>\n<div>Associ\u00e9 personnellement responsable:<\/div>\n<div>swk21media Verwaltungs GmbH Sitz: Bad Pyrmont<\/div>\n<div>Amtsgericht Hannover: HRB 224436<\/div>\n<div>Gesch\u00e4ftsf\u00fchrer: Gunther Swoboda<\/div>\n<div>\u00a0<\/div>\n<p>Pour les contrats avec les consommateurs<br \/>(Mail order, y compris le commerce en ligne)<\/p>\n<p><strong>\u00a7 1 Domaine d&rsquo;application<\/strong><br \/>Pour toutes les entreprises actuelles et futures exclusivement par les termes et conditions suivantes appliquent dans leur validit\u00e9 au moment de la commande. Ces conditions sont applicables uniquement aux consommateurs. Les consommateurs sont des personnes physiques qui placent leur commande dans un but qui est ni imputable \u00e0 l&rsquo;activit\u00e9 professionnelle commerciale ou ind\u00e9pendante du client.<br \/>conditions du client ne reconna\u00eet pas l&rsquo;swk21media GmbH &amp; Co. KG, sauf si nous avons express\u00e9ment accept\u00e9 de leur validit\u00e9.<\/p>\n<p><strong>\u00a7 2 Contrat<\/strong><br \/>En commandant la marchandise, le client effectue une intention contraignante d&rsquo;acheter les produits. L&rsquo;achat provient du fait que nous acceptons l&rsquo;offre de contrat contenue dans l&rsquo;ordonnance. L&rsquo;acceptation est effectu\u00e9e soit par la d\u00e9claration \u00e9crite expresse ou par l&rsquo;acc\u00e8s des marchandises au destinataire.<\/p>\n<p><strong>\u00a7 3 R\u00e9serve d&rsquo;indisponibilit\u00e9<\/strong><br \/>Nous nous r\u00e9servons le droit de ne pas ex\u00e9cuter un ordre si les produits command\u00e9s ne sont pas en stock. Bien s\u00fbr, nous vous tiendrons inform\u00e9s de cette indisponibilit\u00e9.<\/p>\n<p><strong>\u00a7 4 Prix et frais de port<\/strong><br \/>Nos prix sont prix final en euros et incluent la TVA.<br \/>Lors de la commande des frais d&rsquo;exp\u00e9dition de 4,00 EUR applique. Ceci ne concerne que l&rsquo;Internet, seulement pour l&rsquo;exp\u00e9dition en Allemagne et uniquement pour les clients finaux.<br \/>Pour les envois internationaux les frais de livraison seront factur\u00e9s. Les conditions sp\u00e9cifiques d&rsquo;importation et de douane doivent \u00eatre respect\u00e9s et pris en charge par l&rsquo;acheteur.<\/p>\n<p><strong>\u00a7 5 Livraison et paiement<\/strong><br \/>Nous livrons votre commande habituellement faite dans les 2 \u00e0 3 jours. Ce d\u00e9lai de livraison est pas obligatoire, \u00e0 moins que la date de livraison a \u00e9t\u00e9 promis.<br \/>Nous tenons compte, payables sur r\u00e9ception soit:<\/p>\n<p>par virement bancaire \u00e0 notre compte indiqu\u00e9 sur la facture ou compte<br \/>Pour les livraisons \u00e0 l&rsquo;\u00e9tranger, \u00e0 de nouveaux clients ou en l&rsquo;absence de cr\u00e9dit, nous nous r\u00e9servons le droit de livrer seulement apr\u00e8s le paiement par anticipation.<\/p>\n<p>Sanction: Si les valeurs par d\u00e9faut de l&rsquo;acheteur sur le paiement, nous sommes en droit de facturer des int\u00e9r\u00eats \u00e0 hauteur de 5% au-dessus du annonc\u00e9e par la Banque centrale europ\u00e9enne taux de base p. pour appeler \u00e0 un .. En outre, il y a une taxe de 5,00 euros pour nos frais g\u00e9n\u00e9raux et de la correspondance pour un rappel n\u00e9cessaire.<\/p>\n<p><strong>\u00a7 6 R\u00e9serve de propri\u00e9t\u00e9<\/strong><br \/>Les marchandises restent sous \u00a7 449 BGB jusqu&rsquo;au paiement complet notre propri\u00e9t\u00e9. Nous sommes en droit de se retirer dans le contrat, notamment en cas de d\u00e9faut, le contrat et de r\u00e9cup\u00e9rer les marchandises.<\/p>\n<p><strong>\u00a7 7 Droit de r\u00e9tractation<\/strong><\/p>\n<p>&#8211; Avertissement &#8211;<\/p>\n<p>retrait<\/p>\n<p>Vous avez le droit de se retirer dans les quatorze jours sans donner une raison de ce contrat.<\/p>\n<p>Le d\u00e9lai de r\u00e9tractation est de quatorze jours \u00e0 compter de la date \u00e0 laquelle vous ou un repr\u00e9sentant de votre tiers autre que le transporteur et les marchandises ont pris possession ou a.<\/p>\n<p>Pour exercer votre droit, vous devez (swk21media GmbH &amp; Co. KG, Kleinenberger Ring 47, D-31812 Bad Pyrmont; kontakt@viteffect.com) au moyen d&rsquo;un \u00e9nonc\u00e9 clair (par exemple une exp\u00e9di\u00e9 par courrier \u00e9lectronique, t\u00e9l\u00e9copie ou e. -mail), les informer de votre d\u00e9cision de se retirer de ce contrat. Vous pouvez vous utiliser le mod\u00e8le de formulaire de retrait fix\u00e9, qui ne soit pas obligatoire, cependant.<\/p>\n<p>Pour respecter le d\u00e9lai de r\u00e9tractation, il suffit que vous envoyez votre communication concernant le droit de r\u00e9tractation avant la p\u00e9riode de retrait.<\/p>\n<p>Effets de la r\u00e9tractation<\/p>\n<p>Si vous retirez de ce contrat, nous vous rembourserons tous les paiements que nous avons re\u00e7ues de vous, y compris les frais de fourniture (\u00e0 l&rsquo;exception des co\u00fbts suppl\u00e9mentaires r\u00e9sultant du fait que vous avez choisi un mode de livraison autre que celui offert par nous, le moins cher standard avoir), et rembourser imm\u00e9diatement tard dans un d\u00e9lai de quatorze jours \u00e0 compter de la date \u00e0 laquelle la notification a \u00e9t\u00e9 re\u00e7ue au sujet de votre annulation de ce contrat avec nous. Pour ce remboursement, nous utilisons la m\u00eame m\u00e9thode de paiement que vous avez utilis\u00e9 dans la transaction d&rsquo;origine, \u00e0 moins que vous avez convenu explicitement autrement; en tout cas, vous devrez payer des frais pour ce remboursement. Nous pouvons refuser le remboursement jusqu&rsquo;\u00e0 ce que nous avons re\u00e7u les marchandises retourn\u00e9es en arri\u00e8re, ou jusqu&rsquo;\u00e0 ce que vous avez d\u00e9montr\u00e9 que vous \u00eates retourn\u00e9 la marchandise, si elle est ant\u00e9rieure.<\/p>\n<p>Vous avez les produits rapidement et en tout \u00e9tat de cause au plus tard quatorze jours \u00e0 compter de la date \u00e0 laquelle vous nous informer de toute annulation de ce contrat, \u00e0 swk21media GmbH &amp; Co. KG, Sonnenring 7, D-84036 Kumhausen retourn\u00e9 ou remis. Le d\u00e9lai est respect\u00e9 si vous envoyez les marchandises avant la p\u00e9riode de quatorze jours.<\/p>\n<p>Ils portent le co\u00fbt direct de renvoi des marchandises.<\/p>\n<p>&#8211; Fin du retrait &#8211;<\/p>\n<p><strong>\u00a7 8 Responsabilit\u00e9 pour les d\u00e9fauts<\/strong><br \/>S&rsquo;il y a un d\u00e9faut de la marchandise, l&rsquo;acheteur peut exiger le respect (suppression du d\u00e9faut ou de remplacement). Si cela est impossible, l&rsquo;acheteur peut se retirer avec un manque non n\u00e9gligeable du contrat, r\u00e9duire le prix d&rsquo;achat ou de r\u00e9clamer des dommages.<\/p>\n<p>Jusqu&rsquo;\u00e0 pr\u00e9sent ci-dessous indique autrement, toute autre r\u00e9clamation par le client &#8211; pour quelque raisons juridiques &#8211; sont exclus. Nous ne sommes donc pas responsable des dommages caus\u00e9s \u00e0 ne pas l&rsquo;objet de la livraison elle-m\u00eame; en particulier, nous ne sommes pas responsables de la perte de profits ou d&rsquo;autres pertes financi\u00e8res de l&rsquo;acheteur. Si la responsabilit\u00e9 de nous est exclue ou limit\u00e9e, applique le. Aussi pour la responsabilit\u00e9 personnelle des employ\u00e9s, repr\u00e9sentants et agents<\/p>\n<p>La limitation ci-dessus ne sont pas applicables si le dommage a \u00e9t\u00e9 caus\u00e9 intentionnellement ou par n\u00e9gligence grave ou de blessure. Elle ne s&rsquo;applique pas si le client r\u00e9clame du \u00a7\u00a7 1, 4 Loi sur la responsabilit\u00e9 du fait des produits.<br \/>Si l&rsquo;on n\u00e9glige une obligation contractuelle essentielle, l&rsquo;obligation de payer des dommages sur le dommage typique est limit\u00e9.<br \/>Si l&rsquo;ex\u00e9cution ult\u00e9rieure par le biais d&rsquo;une livraison de remplacement, l&rsquo;acheteur est tenu de restituer les marchandises dans les 30 jours pour nous. Si les marchandises ne sont pas re\u00e7us dans ce d\u00e9lai sur nous, nous sommes en droit de compenser le prix d&rsquo;achat du produit de remplacement et d\u00e9biter le montant de l&rsquo;argent d\u00e9sign\u00e9 pour le paiement.<\/p>\n<p>Le d\u00e9lai de prescription est de vingt-quatre mois \u00e0 compter de la livraison.<\/p>\n<p><strong>\u00a7 9 Notes aux aliments et compl\u00e9ments alimentaires<\/strong><br \/>Parmi nos produits, ingr\u00e9dients contenant pas de nourriture ou des suppl\u00e9ments alimentaires disponibles ou les compositions sont sous la Loi sur les m\u00e9dicaments.<br \/>Toutes les recommandations ou les modes d&rsquo;action d\u00e9crit admission est bas\u00e9e uniquement sur l&rsquo;exp\u00e9rience et ne doivent pas \u00eatre comprises comme des d\u00e9tails scientifiquement.<br \/>S&rsquo;il vous pla\u00eet proc\u00e9der \u00e0 la sant\u00e9 des troubles graves (physiques ou mentales) dans le traitement m\u00e9dical ou th\u00e9rapeutique professionnel.<\/p>\n<p><strong>\u00a7 10 Protection des donn\u00e9es<\/strong><br \/>Le client accepte la collecte, le traitement et l&rsquo;utilisation des donn\u00e9es personnelles avec nous (ou nous Commission des services) explicitement. Nous utilisons ce pour passer des commandes et \u00e0 des fins publicitaires. Cette autorisation peut \u00e0 tout moment \u00eatre r\u00e9voqu\u00e9e par l&rsquo;acheteur.<\/p>\n<p><strong>\u00a7 11 Droit applicable et juridiction<\/strong><br \/>droit allemand, \u00e0 l&rsquo;exclusion de la CVIM. Le lieu exclusif pour toutes les r\u00e9clamations dans le cadre de la relation d&rsquo;affaires est le tribunal comp\u00e9tent pour notre si\u00e8ge social.<br \/>L&rsquo;swk21media GmbH &amp; Co. KG a le droit de poursuivre \u00e0 la comp\u00e9tence g\u00e9n\u00e9rale de l&rsquo;acheteur.<\/p>\n[\/vc_column_text][\/vc_column][\/vc_row]\n<\/div>","protected":false},"excerpt":{"rendered":"[vc_row][vc_column][vc_column_text] Conditions d&rsquo;utilisation [\/vc_column_text][vc_empty_space][\/vc_column][\/vc_row][vc_row][vc_column][vc_column_text]de swk21media GmbH &amp; Co. KG \u00a0 Adresse pour les retours: Sonnenring 7, 84036 Kumhausen \u00a0 Si\u00e8ge social: Kleinenberger Ring 47 31812 Bad Pyrmont \u00a0 Amtsgericht Hannover: HRA 205956 USt.-ID.: DE358800728 \u00a0 Tel: 05285 \/ 9907887 E-Mail: kontakt@viteffect.de \u00a0 Associ\u00e9 personnellement responsable: swk21media Verwaltungs GmbH Sitz: Bad Pyrmont Amtsgericht Hannover: HRB 224436 [&#8230;]\n","protected":false},"author":2,"featured_media":0,"parent":0,"menu_order":0,"comment_status":"closed","ping_status":"closed","template":"page-blank-title-center.php","meta":{"_acf_changed":false,"footnotes":"","_links_to":"","_links_to_target":""},"class_list":["post-468","page","type-page","status-publish","hentry"],"acf":[],"_links":{"self":[{"href":"https:\/\/viteffect.de\/fr\/wp-json\/wp\/v2\/pages\/468","targetHints":{"allow":["GET"]}}],"collection":[{"href":"https:\/\/viteffect.de\/fr\/wp-json\/wp\/v2\/pages"}],"about":[{"href":"https:\/\/viteffect.de\/fr\/wp-json\/wp\/v2\/types\/page"}],"author":[{"embeddable":true,"href":"https:\/\/viteffect.de\/fr\/wp-json\/wp\/v2\/users\/2"}],"replies":[{"embeddable":true,"href":"https:\/\/viteffect.de\/fr\/wp-json\/wp\/v2\/comments?post=468"}],"version-history":[{"count":5,"href":"https:\/\/viteffect.de\/fr\/wp-json\/wp\/v2\/pages\/468\/revisions"}],"predecessor-version":[{"id":54241,"href":"https:\/\/viteffect.de\/fr\/wp-json\/wp\/v2\/pages\/468\/revisions\/54241"}],"wp:attachment":[{"href":"https:\/\/viteffect.de\/fr\/wp-json\/wp\/v2\/media?parent=468"}],"curies":[{"name":"wp","href":"https:\/\/api.w.org\/{rel}","templated":true}]}}