{"id":479,"date":"2016-04-06T13:57:26","date_gmt":"2016-04-06T11:57:26","guid":{"rendered":"https:\/\/viteffect.de\/fr\/?page_id=479"},"modified":"2020-11-13T04:42:34","modified_gmt":"2020-11-13T03:42:34","slug":"contactez","status":"publish","type":"page","link":"https:\/\/viteffect.de\/fr\/contactez\/","title":{"rendered":"Contact"},"content":{"rendered":"<div class=\"wpb-content-wrapper\">[vc_row][vc_column width=\u00a0\u00bb1\/2&Prime;][vc_column_text]\n<h3><span style=\"color: #2c932c;\">Contactez | Impressum<\/span><\/h3>\n[\/vc_column_text][vc_empty_space][vc_column_text]<strong>Disponible exclusivement par l&rsquo;interm\u00e9diaire de:<\/strong><br \/>\nswk21media GmbH<br \/>\nSonnenring 7<br \/>\nD-84036 Kumhausen<\/p>\n<p><strong>Contact:<\/strong><br \/>\nMo-Fr<br \/>\n<strong>Tel: <\/strong>+49<strong>\u00a0<\/strong>3212-1165293<br \/>\n<strong>E-Mail:<\/strong>\u00a0<a href=\"mailto:kontakt@viteffect.de\">kontakt@viteffect.de<\/a><br \/>\nBesuchen Sie uns auf\u00a0<a href=\"http:\/\/www.facebook.com\/VitEffect\/\">Facebook<\/a>.<\/p>\n<p><strong>T\u00e9l\u00e9phone:<\/strong> +49 3212-1165293<br \/>\n<strong>Courriel:<\/strong> kontakt@viteffect.de<br \/>\nVisitez-nous sur <a href=\"http:\/\/www.facebook.com\/VitEffect\/\">Facebook<\/a>.<\/p>\n<p>Directeur g\u00e9n\u00e9ral \/ Directeur g\u00e9n\u00e9ral : Gerhard Kern<br \/>\nTribunal d&rsquo;instance de Hanovre, HRB 211120<br \/>\nVAT ID : \/ Ust. ID : DE29441515117[\/vc_column_text][\/vc_column][vc_column width=\u00a0\u00bb1\/2&Prime;][vc_column_text]\n<h3><span style=\"color: #2c932c;\">Formulaire de contact<\/span><\/h3>\n[\/vc_column_text][vc_empty_space]\n<div class=\"wpcf7 no-js\" id=\"wpcf7-f45-o1\" lang=\"en-US\" dir=\"ltr\" data-wpcf7-id=\"45\">\n<div class=\"screen-reader-response\"><p role=\"status\" aria-live=\"polite\" aria-atomic=\"true\"><\/p> <ul><\/ul><\/div>\n<form action=\"\/fr\/wp-json\/wp\/v2\/pages\/479#wpcf7-f45-o1\" method=\"post\" class=\"wpcf7-form init\" aria-label=\"Contact form\" novalidate=\"novalidate\" data-status=\"init\">\n<fieldset class=\"hidden-fields-container\"><input type=\"hidden\" name=\"_wpcf7\" value=\"45\" \/><input type=\"hidden\" name=\"_wpcf7_version\" value=\"6.1.5\" \/><input type=\"hidden\" name=\"_wpcf7_locale\" value=\"en_US\" \/><input type=\"hidden\" name=\"_wpcf7_unit_tag\" value=\"wpcf7-f45-o1\" \/><input type=\"hidden\" name=\"_wpcf7_container_post\" value=\"0\" \/><input type=\"hidden\" name=\"_wpcf7_posted_data_hash\" value=\"\" \/>\n<\/fieldset>\n<div class=\"wpcf7-turnstile cf-turnstile\" data-sitekey=\"0x4AAAAAAB7WMVX34I3r1Smy\" data-response-field-name=\"_wpcf7_turnstile_response\"><\/div>\n\n<p>Name (Pflichtfeld)\n<\/p>\n<p><span class=\"wpcf7-form-control-wrap\" data-name=\"your-name\"><input size=\"40\" maxlength=\"400\" class=\"wpcf7-form-control wpcf7-text wpcf7-validates-as-required\" aria-required=\"true\" aria-invalid=\"false\" value=\"\" type=\"text\" name=\"your-name\" \/><\/span>\n<\/p>\n<p>Email (Pflichtfeld)\n<\/p>\n<p><span class=\"wpcf7-form-control-wrap\" data-name=\"your-email\"><input size=\"40\" maxlength=\"400\" class=\"wpcf7-form-control wpcf7-email wpcf7-validates-as-required wpcf7-text wpcf7-validates-as-email\" aria-required=\"true\" aria-invalid=\"false\" value=\"\" type=\"email\" name=\"your-email\" \/><\/span>\n<\/p>\n<p>Telefonnummer\n<\/p>\n<p><span class=\"wpcf7-form-control-wrap\" data-name=\"tel-12\"><input size=\"40\" maxlength=\"400\" class=\"wpcf7-form-control wpcf7-tel wpcf7-text wpcf7-validates-as-tel\" aria-invalid=\"false\" value=\"\" type=\"tel\" name=\"tel-12\" \/><\/span>\n<\/p>\n<p>Betreff (Pflichtfeld)\n<\/p>\n<p><span class=\"wpcf7-form-control-wrap\" data-name=\"your-subject\"><input size=\"40\" maxlength=\"400\" class=\"wpcf7-form-control wpcf7-text wpcf7-validates-as-required\" aria-required=\"true\" aria-invalid=\"false\" value=\"\" type=\"text\" name=\"your-subject\" \/><\/span>\n<\/p>\n<p>Ihre Nachricht (Pflichtfeld)\n<\/p>\n<p><span class=\"wpcf7-form-control-wrap\" data-name=\"your-message\"><textarea cols=\"40\" rows=\"10\" maxlength=\"2000\" class=\"wpcf7-form-control wpcf7-textarea wpcf7-validates-as-required\" aria-required=\"true\" aria-invalid=\"false\" name=\"your-message\"><\/textarea><\/span>\n<\/p>\n<p><input class=\"wpcf7-form-control wpcf7-submit has-spinner\" type=\"submit\" value=\"Send\" \/>\n<\/p><div class=\"wpcf7-response-output\" aria-hidden=\"true\"><\/div>\n<\/form>\n<\/div>\n[\/vc_column][\/vc_row][vc_row][vc_column][vc_column_text]<div class=\"woocommerce woocommerce-gzd woocommerce-gzd-complaints-shortcode\">\n\t\t\t<h3>Alternative Dispute Resolution in accordance with Art. 14 (1) ODR-VO and \u00a7 36 VSBG:<\/h3>\n\t\nZur Teilnahme an einem Streitbeilegungsverfahren vor einer Verbraucherschlichtungsstelle sind wir nicht verpflichtet und nicht bereit.<\/div>[\/vc_column_text][\/vc_column][\/vc_row]\n<\/div>","protected":false},"excerpt":{"rendered":"[vc_row][vc_column width=\u00a0\u00bb1\/2&Prime;][vc_column_text] Contactez | Impressum [\/vc_column_text][vc_empty_space][vc_column_text]Disponible exclusivement par l&rsquo;interm\u00e9diaire de: swk21media GmbH Sonnenring 7 D-84036 Kumhausen Contact: Mo-Fr Tel: +49\u00a03212-1165293 E-Mail:\u00a0kontakt@viteffect.de Besuchen Sie uns auf\u00a0Facebook. T\u00e9l\u00e9phone: +49 3212-1165293 Courriel: kontakt@viteffect.de Visitez-nous sur Facebook. Directeur g\u00e9n\u00e9ral \/ Directeur g\u00e9n\u00e9ral : Gerhard Kern Tribunal d&rsquo;instance de Hanovre, HRB 211120 VAT ID : \/ Ust. ID : DE29441515117[\/vc_column_text][\/vc_column][vc_column [&#8230;]\n","protected":false},"author":2,"featured_media":0,"parent":0,"menu_order":0,"comment_status":"closed","ping_status":"closed","template":"","meta":{"_acf_changed":false,"footnotes":"","_links_to":"","_links_to_target":""},"class_list":["post-479","page","type-page","status-publish","hentry"],"acf":[],"_links":{"self":[{"href":"https:\/\/viteffect.de\/fr\/wp-json\/wp\/v2\/pages\/479","targetHints":{"allow":["GET"]}}],"collection":[{"href":"https:\/\/viteffect.de\/fr\/wp-json\/wp\/v2\/pages"}],"about":[{"href":"https:\/\/viteffect.de\/fr\/wp-json\/wp\/v2\/types\/page"}],"author":[{"embeddable":true,"href":"https:\/\/viteffect.de\/fr\/wp-json\/wp\/v2\/users\/2"}],"replies":[{"embeddable":true,"href":"https:\/\/viteffect.de\/fr\/wp-json\/wp\/v2\/comments?post=479"}],"version-history":[{"count":5,"href":"https:\/\/viteffect.de\/fr\/wp-json\/wp\/v2\/pages\/479\/revisions"}],"predecessor-version":[{"id":29123,"href":"https:\/\/viteffect.de\/fr\/wp-json\/wp\/v2\/pages\/479\/revisions\/29123"}],"wp:attachment":[{"href":"https:\/\/viteffect.de\/fr\/wp-json\/wp\/v2\/media?parent=479"}],"curies":[{"name":"wp","href":"https:\/\/api.w.org\/{rel}","templated":true}]}}