{"id":43803,"date":"2022-12-06T19:58:40","date_gmt":"2022-12-06T18:58:40","guid":{"rendered":"https:\/\/viteffect.de\/?post_type=product&#038;p=43803"},"modified":"2024-10-13T17:34:33","modified_gmt":"2024-10-13T15:34:33","slug":"fr","status":"publish","type":"product","link":"https:\/\/viteffect.de\/fr\/product\/fr\/","title":{"rendered":"Livret compl\u00e9mentaire \u2013 Gu\u00e9rison m\u00e9tabolique"},"content":{"rendered":"<div>Dans ce livret accompagnant la cure m\u00e9tabolique, vous trouverez un aper\u00e7u compact du programme, des diff\u00e9rentes phases et de nombreux conseils utiles.<\/div>\n<div><\/div>\n<div>Le livret EXTRA ENJOYMENT <strong>(version anglaise)<\/strong> qui est \u00e9galement inclus compl\u00e8te le livret avec 7 recettes de son d&rsquo;avoine faciles \u00e0 cuisiner pour la phase de r\u00e9duction et apr\u00e8s et en plus 3 d\u00e9licieuses recettes de desserts avec du son d&rsquo;avoine.<\/div>\n<div><\/div>\n<div>D\u00e9marrez la cure en toute s\u00e9curit\u00e9 avec encore plus d&rsquo;id\u00e9es recettes d\u00e9licieuses, d\u00e9sormais avec le super aliment au son d&rsquo;avoine !<\/div>\n","protected":false},"excerpt":{"rendered":"<p>Prix \u200b\u200bTTC T.V.A.<\/p>\n<p>Le livret d&rsquo;accompagnement de la cure de m\u00e9tabolisme \u2014 avec les recettes et les conseils d&rsquo;avoine EXTRA ENJOUEMENT\u202f!<\/p>\n<p>Pour diff\u00e9rentes langues, des brochures<\/p>\n<p>\ud83c\udde9\ud83c\uddea \ud83c\uddec\ud83c\udde7 \ud83c\uddeb\ud83c\uddf7 \ud83c\uddee\ud83c\uddf9 \ud83c\uddf1\ud83c\uddfa \ud83c\uddea\ud83c\uddf8 \ud83c\uddf5\ud83c\uddf1<\/p>\n<p>Choisir une option \ud83d\udd3d<\/p>\n","protected":false},"featured_media":53503,"template":"","meta":{"_acf_changed":false,"_links_to":"","_links_to_target":""},"product_brand":[],"product_cat":[256,30],"product_tag":[],"class_list":{"0":"post-43803","1":"product","2":"type-product","3":"status-publish","4":"has-post-thumbnail","6":"product_cat-skw-begleitheft-hafer-fr","7":"product_cat-swkbegleitheft-fr","8":"product_shipping_class-broschueren-fr","10":"first","11":"instock","12":"taxable","13":"shipping-taxable","14":"purchasable","15":"product-type-variable"},"acf":[],"_links":{"self":[{"href":"https:\/\/viteffect.de\/fr\/wp-json\/wp\/v2\/product\/43803","targetHints":{"allow":["GET"]}}],"collection":[{"href":"https:\/\/viteffect.de\/fr\/wp-json\/wp\/v2\/product"}],"about":[{"href":"https:\/\/viteffect.de\/fr\/wp-json\/wp\/v2\/types\/product"}],"wp:featuredmedia":[{"embeddable":true,"href":"https:\/\/viteffect.de\/fr\/wp-json\/wp\/v2\/media\/53503"}],"wp:attachment":[{"href":"https:\/\/viteffect.de\/fr\/wp-json\/wp\/v2\/media?parent=43803"}],"wp:term":[{"taxonomy":"product_brand","embeddable":true,"href":"https:\/\/viteffect.de\/fr\/wp-json\/wp\/v2\/product_brand?post=43803"},{"taxonomy":"product_cat","embeddable":true,"href":"https:\/\/viteffect.de\/fr\/wp-json\/wp\/v2\/product_cat?post=43803"},{"taxonomy":"product_tag","embeddable":true,"href":"https:\/\/viteffect.de\/fr\/wp-json\/wp\/v2\/product_tag?post=43803"}],"curies":[{"name":"wp","href":"https:\/\/api.w.org\/{rel}","templated":true}]}}