{"id":43981,"date":"2022-12-13T13:02:53","date_gmt":"2022-12-13T12:02:53","guid":{"rendered":"https:\/\/viteffect.de\/?post_type=product&#038;p=43981"},"modified":"2022-12-15T11:05:52","modified_gmt":"2022-12-15T10:05:52","slug":"fr-2","status":"publish","type":"product","link":"https:\/\/viteffect.de\/fr\/product\/fr-2\/","title":{"rendered":"Livret &#8211; La cure M\u00e9tabolique"},"content":{"rendered":"<p>Dans ce livret, vous trouverez une vue d&rsquo;ensemble compacte du programme, les diff\u00e9rentes phases et de nombreux conseils utiles.<\/p>\n<p>Commencez la cure en toute s\u00e9curit\u00e9 avec beaucoup d&rsquo;id\u00e9es de recettes d\u00e9licieuses, maintenant aussi avec des variantes v\u00e9g\u00e9taliennes!<\/p>\n","protected":false},"excerpt":{"rendered":"<p>Prix \u200b\u200bTTC<\/p>\n<p>Le livret de gu\u00e9rison du m\u00e9tabolisme &#8211; avec de bonnes recettes et des conseils!<\/p>\n<p><strong>Le bon ne peut pas \u00eatre \u00e9chang\u00e9 contre ce produit!<\/strong><\/p>\n<p>Pour diff\u00e9rentes langues des brochures<\/p>\n<p>\ud83c\udde9\ud83c\uddea \ud83c\uddec\ud83c\udde7 \ud83c\uddeb\ud83c\uddf7 \ud83c\uddee\ud83c\uddf9 \ud83c\uddf1\ud83c\uddfa \ud83c\uddea\ud83c\uddf8 \ud83c\uddf5\ud83c\uddf1<\/p>\n<p>Choisir une option \ud83d\udd3d<\/p>\n","protected":false},"featured_media":44208,"template":"","meta":{"_acf_changed":false,"_links_to":"","_links_to_target":""},"product_brand":[],"product_cat":[30],"product_tag":[],"class_list":{"0":"post-43981","1":"product","2":"type-product","3":"status-publish","4":"has-post-thumbnail","6":"product_cat-swkbegleitheft-fr","7":"product_shipping_class-broschueren-fr","9":"first","10":"instock","11":"taxable","12":"shipping-taxable","13":"purchasable","14":"product-type-variable"},"acf":[],"_links":{"self":[{"href":"https:\/\/viteffect.de\/fr\/wp-json\/wp\/v2\/product\/43981","targetHints":{"allow":["GET"]}}],"collection":[{"href":"https:\/\/viteffect.de\/fr\/wp-json\/wp\/v2\/product"}],"about":[{"href":"https:\/\/viteffect.de\/fr\/wp-json\/wp\/v2\/types\/product"}],"wp:featuredmedia":[{"embeddable":true,"href":"https:\/\/viteffect.de\/fr\/wp-json\/wp\/v2\/media\/44208"}],"wp:attachment":[{"href":"https:\/\/viteffect.de\/fr\/wp-json\/wp\/v2\/media?parent=43981"}],"wp:term":[{"taxonomy":"product_brand","embeddable":true,"href":"https:\/\/viteffect.de\/fr\/wp-json\/wp\/v2\/product_brand?post=43981"},{"taxonomy":"product_cat","embeddable":true,"href":"https:\/\/viteffect.de\/fr\/wp-json\/wp\/v2\/product_cat?post=43981"},{"taxonomy":"product_tag","embeddable":true,"href":"https:\/\/viteffect.de\/fr\/wp-json\/wp\/v2\/product_tag?post=43981"}],"curies":[{"name":"wp","href":"https:\/\/api.w.org\/{rel}","templated":true}]}}