{"id":45087,"date":"2023-01-11T18:03:42","date_gmt":"2023-01-11T17:03:42","guid":{"rendered":"https:\/\/viteffect.de\/product\/45087\/"},"modified":"2024-10-13T19:24:55","modified_gmt":"2024-10-13T17:24:55","slug":"la-cure-metabolique-kit-de-demarrage","status":"publish","type":"product","link":"https:\/\/viteffect.de\/fr\/product\/la-cure-metabolique-kit-de-demarrage\/","title":{"rendered":"La cure M\u00e9tabolique kit de d\u00e9marrage (Globules)"},"content":{"rendered":"<p><strong>VitEffect21G Himalaya-Carnitine-Globules:<\/strong><\/p>\n<p>Les substances mat\u00e9rielles sont le xylitol (min. 98%), l&rsquo;hypromellose, l&rsquo;eau, ainsi que des traces de sel sp\u00e9cial de l&rsquo;Himalaya et la l-carnitine.<\/p>\n<p><i>VitEffect21G<\/i> ne contient ni du sucre (saccharose), ni de hom\u00e9opathie, ni de l\u2019alcool.<\/p>\n<p><b>Mentions l\u00e9gales obligatoires:<\/b><br \/>\n8g = 29,90 Euro; 100g = 373,75 Euro (VitEffect21)<br \/>\n15ml = 29,90 Euro; 100ml = 199,93 Euro (VitEffect21G)<br \/>\n<i>Tous les prix comprennent 7% de TVA allemande<\/i><\/p>\n<p><strong>Livret compl\u00e9mentaire \u2013 Gu\u00e9rison m\u00e9tabolique :<\/strong><\/p>\n<div>Dans ce livret accompagnant la cure m\u00e9tabolique, vous trouverez un aper\u00e7u compact du programme, des diff\u00e9rentes phases et de nombreux conseils utiles.<\/div>\n<div><\/div>\n<div>Le livret PLUS DE PLAISIR AVEC LE SON D&rsquo;AVOINE qui est \u00e9galement inclus compl\u00e8te le livret avec sept recettes de son d&rsquo;avoine faciles \u00e0 cuisiner pour la phase de r\u00e9duction et apr\u00e8s et en plus, trois d\u00e9licieuses recettes de desserts avec du son d&rsquo;avoine.<\/div>\n<div><\/div>\n<div>D\u00e9marrez la cure en toute s\u00e9curit\u00e9 avec encore plus d&rsquo;id\u00e9es recettes d\u00e9licieuses, d\u00e9sormais avec le superaliment au son d&rsquo;avoine !<\/div>\n","protected":false},"excerpt":{"rendered":"<p>Prix \u200b\u200bTTC T.V.A.<\/p>\n<p>Pour bien commencer la cure m\u00e9tabolique, nos best-sellers, les<\/p>\n<p><strong>VitEffect21G Himalaya-Carnitine-Globules<\/strong><\/p>\n<p>et le<br \/>\n<strong>Le livret d&rsquo;accompagnement de la cure de m\u00e9tabolisme<\/strong> \u2014 avec les recettes et les conseils d&rsquo;avoine PLUS DE PLAISIR AVEC LE SON D&rsquo;AVOINE\u202f!<\/p>\n<p>Pour diff\u00e9rentes langues, des brochures<\/p>\n<p>\ud83c\udde9\ud83c\uddea \ud83c\uddec\ud83c\udde7 \ud83c\uddeb\ud83c\uddf7 \ud83c\uddee\ud83c\uddf9 \ud83c\uddf1\ud83c\uddfa \ud83c\uddea\ud83c\uddf8 \ud83c\uddf5\ud83c\uddf1<\/p>\n<p>Choisir une option \ud83d\udd3d<\/p>\n","protected":false},"featured_media":53404,"template":"","meta":{"_acf_changed":false,"_links_to":"","_links_to_target":""},"product_brand":[],"product_cat":[200],"product_tag":[],"class_list":{"0":"post-45087","1":"product","2":"type-product","3":"status-publish","4":"has-post-thumbnail","6":"product_cat-globuli-fr","7":"product_shipping_class-broschueren-fr","9":"first","10":"instock","11":"taxable","12":"shipping-taxable","13":"purchasable","14":"product-type-variable"},"acf":[],"_links":{"self":[{"href":"https:\/\/viteffect.de\/fr\/wp-json\/wp\/v2\/product\/45087","targetHints":{"allow":["GET"]}}],"collection":[{"href":"https:\/\/viteffect.de\/fr\/wp-json\/wp\/v2\/product"}],"about":[{"href":"https:\/\/viteffect.de\/fr\/wp-json\/wp\/v2\/types\/product"}],"wp:featuredmedia":[{"embeddable":true,"href":"https:\/\/viteffect.de\/fr\/wp-json\/wp\/v2\/media\/53404"}],"wp:attachment":[{"href":"https:\/\/viteffect.de\/fr\/wp-json\/wp\/v2\/media?parent=45087"}],"wp:term":[{"taxonomy":"product_brand","embeddable":true,"href":"https:\/\/viteffect.de\/fr\/wp-json\/wp\/v2\/product_brand?post=45087"},{"taxonomy":"product_cat","embeddable":true,"href":"https:\/\/viteffect.de\/fr\/wp-json\/wp\/v2\/product_cat?post=45087"},{"taxonomy":"product_tag","embeddable":true,"href":"https:\/\/viteffect.de\/fr\/wp-json\/wp\/v2\/product_tag?post=45087"}],"curies":[{"name":"wp","href":"https:\/\/api.w.org\/{rel}","templated":true}]}}