{"id":49239,"date":"2023-11-16T14:52:46","date_gmt":"2023-11-16T13:52:49","guid":{"rendered":"https:\/\/viteffect.de\/?post_type=product&#038;p=49239"},"modified":"2024-10-13T19:35:21","modified_gmt":"2024-10-13T17:35:21","slug":"la-cure-metabolique-kit-de-demarrage-classiques","status":"publish","type":"product","link":"https:\/\/viteffect.de\/fr\/product\/la-cure-metabolique-kit-de-demarrage-classiques\/","title":{"rendered":"La cure M\u00e9tabolique kit de d\u00e9marrage (sel de l&rsquo;Himalaya)"},"content":{"rendered":"<p><strong><span id=\"result_box\" class=\"\" lang=\"fr\">Nos classiques: Le mod\u00e8le sp\u00e9cial \u00e0 base de sel de l&rsquo;Himalaya <span class=\"\">organique<\/span><span class=\"\">.<br \/>\n<\/span><\/span><\/strong><\/p>\n<p>Composants : sel sp\u00e9cial de l\u2019Himalaya (8g), et traces de L-carnitine &amp; caf\u00e9 bio des hauts plateaux.<br \/>\n<i>VitEffect21<\/i> ne contient ni du sucre (saccharose), ni de hom\u00e9opathie, ni de l\u2019alcool.<\/p>\n<p><b>Mentions l\u00e9gales obligatoires:<\/b><br \/>\n10g = 29,90 Euro; 100g = 373,75 Euro (VitEffect21)<br \/>\n15ml = 29,90 Euro; 100ml = 199,93 Euro (VitEffect21G)<br \/>\n<i>Tous les prix comprennent 7% de TVA allemande<\/i><\/p>\n<p><strong>Livret compl\u00e9mentaire \u2013 Gu\u00e9rison m\u00e9tabolique:<\/strong><\/p>\n<div>Dans ce livret accompagnant la cure m\u00e9tabolique, vous trouverez un aper\u00e7u compact du programme, des diff\u00e9rentes phases et de nombreux conseils utiles.<\/div>\n<div><\/div>\n<div>Le livret PLUS DE PLAISIR AVEC LE SON D&rsquo;AVOINEqui est \u00e9galement inclus compl\u00e8te le livret avec 7 recettes de son d&rsquo;avoine faciles \u00e0 cuisiner pour la phase de r\u00e9duction et apr\u00e8s et en plus 3 d\u00e9licieuses recettes de desserts avec du son d&rsquo;avoine.<\/div>\n<div><\/div>\n<div>D\u00e9marrez la cure en toute s\u00e9curit\u00e9 avec encore plus d&rsquo;id\u00e9es recettes d\u00e9licieuses, d\u00e9sormais avec le super aliment au son d&rsquo;avoine !<\/div>\n","protected":false},"excerpt":{"rendered":"<p>Prix \u200b\u200bTTC T.V.A.<\/p>\n<p>Pour bien d\u00e9buter la cure m\u00e9tabolique, nos best-sellers, les<\/p>\n<p><strong><span id=\"result_box\" class=\"\" lang=\"fr\">Nos classiques: Le mod\u00e8le sp\u00e9cial \u00e0 base de sel de l&rsquo;Himalaya <span class=\"\">organique<\/span><span class=\"\">.<\/span><\/span><\/strong><\/p>\n<p>et le<\/p>\n<p><strong><span id=\"result_box\" class=\"\" lang=\"fr\">\u201cBrochure PLUS DE PLAISIR AVEC LE SON D&rsquo;AVOINE\u201d<\/span><\/strong><\/p>\n<p>Pour diff\u00e9rentes langues des brochures<\/p>\n<p>\ud83c\udde9\ud83c\uddea \ud83c\uddec\ud83c\udde7 \ud83c\uddeb\ud83c\uddf7 \ud83c\uddee\ud83c\uddf9 \ud83c\uddf1\ud83c\uddfa \ud83c\uddea\ud83c\uddf8 \ud83c\uddf5\ud83c\uddf1<\/p>\n<p>Choisir une option \ud83d\udd3d<\/p>\n","protected":false},"featured_media":53304,"template":"","meta":{"_acf_changed":false,"_links_to":"","_links_to_target":""},"product_brand":[],"product_cat":[24],"product_tag":[],"class_list":{"0":"post-49239","1":"product","2":"type-product","3":"status-publish","4":"has-post-thumbnail","6":"product_cat-sel-de-lhimalaya","7":"product_shipping_class-broschueren-fr","9":"first","10":"instock","11":"taxable","12":"shipping-taxable","13":"purchasable","14":"product-type-variable"},"acf":[],"_links":{"self":[{"href":"https:\/\/viteffect.de\/fr\/wp-json\/wp\/v2\/product\/49239","targetHints":{"allow":["GET"]}}],"collection":[{"href":"https:\/\/viteffect.de\/fr\/wp-json\/wp\/v2\/product"}],"about":[{"href":"https:\/\/viteffect.de\/fr\/wp-json\/wp\/v2\/types\/product"}],"wp:featuredmedia":[{"embeddable":true,"href":"https:\/\/viteffect.de\/fr\/wp-json\/wp\/v2\/media\/53304"}],"wp:attachment":[{"href":"https:\/\/viteffect.de\/fr\/wp-json\/wp\/v2\/media?parent=49239"}],"wp:term":[{"taxonomy":"product_brand","embeddable":true,"href":"https:\/\/viteffect.de\/fr\/wp-json\/wp\/v2\/product_brand?post=49239"},{"taxonomy":"product_cat","embeddable":true,"href":"https:\/\/viteffect.de\/fr\/wp-json\/wp\/v2\/product_cat?post=49239"},{"taxonomy":"product_tag","embeddable":true,"href":"https:\/\/viteffect.de\/fr\/wp-json\/wp\/v2\/product_tag?post=49239"}],"curies":[{"name":"wp","href":"https:\/\/api.w.org\/{rel}","templated":true}]}}