{"id":542,"date":"2015-10-28T15:20:13","date_gmt":"2015-10-28T14:20:13","guid":{"rendered":"https:\/\/viteffect.de\/shop\/viteffect21-notre-sel-classique\/"},"modified":"2023-02-20T08:17:23","modified_gmt":"2023-02-20T07:17:23","slug":"viteffect21-notre-sel-classique","status":"publish","type":"product","link":"https:\/\/viteffect.de\/fr\/product\/viteffect21-notre-sel-classique\/","title":{"rendered":"VitEffect21 &#8211; notre sel classique"},"content":{"rendered":"<p><strong><span id=\"result_box\" class=\"\" lang=\"fr\">Nos classiques: Le mod\u00e8le sp\u00e9cial \u00e0 base de sel de l&rsquo;Himalaya <span class=\"\">organique<\/span><span class=\"\">.<\/span><\/span><\/strong><\/p>\n<p>Composants : sel sp\u00e9cial de l\u2019Himalaya (8g), et traces de L-carnitine &amp; caf\u00e9 bio des hauts plateaux.<br \/><i>VitEffect21<\/i> ne contient ni du sucre (saccharose), ni de hom\u00e9opathie, ni de l\u2019alcool.<\/p>\n<p><b>Mentions l\u00e9gales obligatoires:<\/b><br \/>10g = 29,90 Euro; 100g = 373,75 Euro (VitEffect21)<br \/>15ml = 29,90 Euro; 100ml = 199,93 Euro (VitEffect21G)<br \/><i>Tous les prix comprennent 7% de TVA allemande<\/i><\/p>\n","protected":false},"excerpt":{"rendered":"<p><span id=\"result_box\" class=\"\" lang=\"fr\"><span class=\"\">Le<\/span> <span class=\"\">coupon est<\/span> \u00e9changeable dans votre panier<\/span><\/p>\n<p><span id=\"result_box\" class=\"\" lang=\"fr\"><br \/><strong>Prix du <span class=\"\">volume<\/span> <span class=\"\">VitEffect21<\/span> <span class=\"\">sel de l&rsquo;Himalaya<\/span><span class=\"\">:<\/span><\/strong><\/span><\/p>\n<style type=\"text\/css\">#go-pricing-table-44076 .gw-go-col-wrap { min-width:130px; } #go-pricing-table-44076 .gw-go-col-inner { border-radius:0 0 0 0; } #go-pricing-table-44076 .gw-go-tooltip-content { background-color:#9d9d9d;color:#666; } #go-pricing-table-44076 .gw-go-tooltip:before { border-top-color:#9d9d9d; } #go-pricing-table-44076 .gw-go-col-wrap-0 .gw-go-col.gw-go-clean-style12 .gw-go-header h3 { color:#2c932c; } #go-pricing-table-44076 .gw-go-col-wrap-0 .gw-go-col.gw-go-clean-style12 .gw-go-btn { background-color:#2c932c; } #go-pricing-table-44076 .gw-go-col-wrap-0 .gw-go-header h3 { line-height:10px !important; font-weight:bold !important; } #go-pricing-table-44076 .gw-go-col-wrap-0 .gw-go-header h3 small { font-size:18px !important; line-height:10px !important; font-weight:bold !important; } #go-pricing-table-44076 .gw-go-col-wrap-0 .gw-go-body li[data-row-index=\"0\"] { font-size:16px !important; line-height:25px !important; } #go-pricing-table-44076 .gw-go-col-wrap-0 .gw-go-body li[data-row-index=\"1\"] { font-size:16px !important; line-height:25px !important; } #go-pricing-table-44076 .gw-go-col-wrap-0 .gw-go-body li[data-row-index=\"2\"] { font-size:16px !important; line-height:25px !important; } #go-pricing-table-44076 .gw-go-col-wrap-0 .gw-go-body li[data-row-index=\"3\"] { font-size:16px !important; line-height:25px !important; } #go-pricing-table-44076 .gw-go-col-wrap-1 .gw-go-col.gw-go-clean-style12 .gw-go-header h3 { color:#2c932c; } #go-pricing-table-44076 .gw-go-col-wrap-1 .gw-go-col.gw-go-clean-style12 .gw-go-btn { background-color:#2c932c; } #go-pricing-table-44076 .gw-go-col-wrap-1 .gw-go-header h3 { line-height:10px !important; font-weight:bold !important; } #go-pricing-table-44076 .gw-go-col-wrap-1 .gw-go-header h3 small { font-size:18px !important; line-height:10px !important; font-weight:bold !important; } #go-pricing-table-44076 .gw-go-col-wrap-1 .gw-go-body li[data-row-index=\"0\"] { font-size:16px !important; line-height:25px !important; } #go-pricing-table-44076 .gw-go-col-wrap-1 .gw-go-body li[data-row-index=\"1\"] { font-size:16px !important; line-height:25px !important; } #go-pricing-table-44076 .gw-go-col-wrap-1 .gw-go-body li[data-row-index=\"2\"] { font-size:16px !important; line-height:25px !important; } #go-pricing-table-44076 .gw-go-col-wrap-1 .gw-go-body li[data-row-index=\"3\"] { font-size:16px !important; line-height:25px !important; } #go-pricing-table-44076 .gw-go { visibility:inherit; }<\/style><div id=\"go-pricing-table-44076\" class=\"go-pricing\" style=\"margin-bottom:20px;\"><div class=\"gw-go gw-go-clearfix gw-go-2cols\" data-id=\"44076\" data-colnum=\"2\" data-equalize=\"{&quot;column&quot;:&quot;1&quot;,&quot;body&quot;:&quot;1&quot;,&quot;footer&quot;:&quot;1&quot;}\" data-views=\"{&quot;tp&quot;:{&quot;min&quot;:&quot;768&quot;,&quot;max&quot;:&quot;959&quot;,&quot;cols&quot;:&quot;&quot;},&quot;ml&quot;:{&quot;min&quot;:&quot;480&quot;,&quot;max&quot;:&quot;767&quot;,&quot;cols&quot;:&quot;2&quot;},&quot;mp&quot;:{&quot;min&quot;:&quot;&quot;,&quot;max&quot;:&quot;479&quot;,&quot;cols&quot;:&quot;2&quot;}}\"><div class=\"gw-go-col-wrap gw-go-col-wrap-0 gw-go-hover gw-go-disable-enlarge gw-go-disable-hover\" data-current=\"1\" data-col-index=\"0\"><div class=\"gw-go-col gw-go-clean-style12\"><div class=\"gw-go-col-inner\"><div class=\"gw-go-col-inner-layer\"><\/div><div class=\"gw-go-col-inner-layer-over\"><\/div><div class=\"gw-go-header gw-go-header-standard\"><h3>Articles<small><\/small><\/h3><div class=\"gw-go-header-bottom\"><\/div><\/div><ul class=\"gw-go-body\"><li data-row-index=\"0\"><div class=\"gw-go-body-cell\">1 unit\u00e9<\/div><\/li><li class=\"gw-go-even\" data-row-index=\"1\"><div class=\"gw-go-body-cell\">\u00e0 partir de 3<\/div><\/li><li data-row-index=\"2\"><div class=\"gw-go-body-cell\">\u00e0 partir de 10<\/div><\/li><li class=\"gw-go-even\" data-row-index=\"3\"><div class=\"gw-go-body-cell\">\u00e0 partir de 50<\/div><\/li><\/ul><\/div><\/div><\/div><div class=\"gw-go-col-wrap gw-go-col-wrap-1 gw-go-hover gw-go-disable-enlarge gw-go-disable-hover\" data-current=\"1\" data-col-index=\"1\"><div class=\"gw-go-col gw-go-clean-style12\"><div class=\"gw-go-col-inner\"><div class=\"gw-go-col-inner-layer\"><\/div><div class=\"gw-go-col-inner-layer-over\"><\/div><div class=\"gw-go-header gw-go-header-standard\"><h3>Prix par<small><\/small><\/h3><div class=\"gw-go-header-bottom\"><\/div><\/div><ul class=\"gw-go-body\"><li data-row-index=\"0\"><div class=\"gw-go-body-cell\">35,90 \u20ac<\/div><\/li><li class=\"gw-go-even\" data-row-index=\"1\"><div class=\"gw-go-body-cell\">33,90 \u20ac<\/div><\/li><li data-row-index=\"2\"><div class=\"gw-go-body-cell\">29,90 \u20ac<\/div><\/li><li class=\"gw-go-even\" data-row-index=\"3\"><div class=\"gw-go-body-cell\">26,90 \u20ac<\/div><\/li><\/ul><\/div><\/div><\/div><\/div><\/div>\n","protected":false},"featured_media":948,"template":"","meta":{"_acf_changed":false,"_links_to":"","_links_to_target":""},"product_brand":[],"product_cat":[24],"product_tag":[],"class_list":{"0":"post-542","1":"product","2":"type-product","3":"status-publish","4":"has-post-thumbnail","6":"product_cat-sel-de-lhimalaya","7":"product_shipping_class-salze-und-globuli-fr","9":"first","10":"instock","11":"taxable","12":"shipping-taxable","13":"purchasable","14":"product-type-simple"},"acf":[],"_links":{"self":[{"href":"https:\/\/viteffect.de\/fr\/wp-json\/wp\/v2\/product\/542","targetHints":{"allow":["GET"]}}],"collection":[{"href":"https:\/\/viteffect.de\/fr\/wp-json\/wp\/v2\/product"}],"about":[{"href":"https:\/\/viteffect.de\/fr\/wp-json\/wp\/v2\/types\/product"}],"wp:featuredmedia":[{"embeddable":true,"href":"https:\/\/viteffect.de\/fr\/wp-json\/wp\/v2\/media\/948"}],"wp:attachment":[{"href":"https:\/\/viteffect.de\/fr\/wp-json\/wp\/v2\/media?parent=542"}],"wp:term":[{"taxonomy":"product_brand","embeddable":true,"href":"https:\/\/viteffect.de\/fr\/wp-json\/wp\/v2\/product_brand?post=542"},{"taxonomy":"product_cat","embeddable":true,"href":"https:\/\/viteffect.de\/fr\/wp-json\/wp\/v2\/product_cat?post=542"},{"taxonomy":"product_tag","embeddable":true,"href":"https:\/\/viteffect.de\/fr\/wp-json\/wp\/v2\/product_tag?post=542"}],"curies":[{"name":"wp","href":"https:\/\/api.w.org\/{rel}","templated":true}]}}