{"id":15418,"date":"2017-11-07T14:47:44","date_gmt":"2017-11-07T13:47:44","guid":{"rendered":"https:\/\/www.viteffect.de\/datenschutzbestimmungen\/"},"modified":"2021-11-16T13:52:27","modified_gmt":"2021-11-16T12:52:27","slug":"datenschutzbestimmungen","status":"publish","type":"page","link":"https:\/\/viteffect.de\/it\/datenschutzbestimmungen\/","title":{"rendered":"Datenschutzbestimmungen"},"content":{"rendered":"<h1><strong>DATENSCHUTZ- UND DATENVERWENDUNGSRICHTLINIE<\/strong><\/h1>\n<p><strong>(Datenschutzerkl\u00e4rung)<\/strong><\/p>\n<p>Der Schutz Ihrer pers\u00f6nlichen Daten ist uns ein besonderes Anliegen. Wir verarbeiten Ihre Daten daher ausschlie\u00dflich auf Grundlage der gesetzlichen Bestimmungen (DSGVO, TKG 2003). In diesen Datenschutzinformationen informieren wir Sie \u00fcber die wichtigsten Aspekte der Datenverarbeitung im Rahmen unserer Website.<\/p>\n<p><strong>Kontakt mit uns<\/strong><\/p>\n<p>Wenn Sie per Formular auf der Website oder per E-Mail Kontakt mit uns aufnehmen, werden Ihre angegebenen Daten zwecks Bearbeitung der Anfrage und f\u00fcr den Fall von Anschlussfragen in unserer Kundendatenbank gespeichert. Die Daten werden solange gespeichert, wie sie f\u00fcr die Bearbeitung Ihrer Anfrage bzw. zur Vertragserf\u00fcllung ben\u00f6tigt werden oder solange wir sie aus berechtigtem Interesse f\u00fcr unsere Zwecke ben\u00f6tigen. Diese Daten geben wir nicht ohne Ihre Einwilligung weiter.<\/p>\n<p>Die Datenverarbeitung erfolgt auf Basis der gesetzlichen Bestimmungen des \u00a7 96 Abs 3 TKG sowie des Art 6 Abs 1 lit a (Einwilligung) und\/oder f (berechtigtes Interesse) der DSGVO.<\/p>\n<h2><strong>Nutzung von Facebook Custom Audience<\/strong><\/h2>\n<p>Auf unseren Seiten sind Remarketing-Tags des sozialen Netzwerks Facebook, 1601 South California Avenue, Palo Alto, CA 94304, USA integriert. Wenn Sie unsere Seiten besuchen, wird \u00fcber die Remarketing-Tags eine direkte Verbindung zwischen Ihrem Browser und dem Facebook-Server hergestellt. Facebook erh\u00e4lt dadurch die Information, dass Sie mit Ihrer IP-Adresse unsere Seite besucht haben. Dadurch kann Facebook den Besuch unserer Seiten Ihrem Benutzerkonto zuordnen. Die so erhaltenen Informationen k\u00f6nnen wir f\u00fcr die Anzeige von Facebook Ads nutzen.<\/p>\n<p>Wir weisen darauf hin, dass wir als Anbieter der Seiten keine Kenntnis vom Inhalt der \u00fcbermittelten Daten sowie deren Nutzung durch Facebook erhalten. Weitere Informationen hierzu finden Sie in der Datenschutzerkl\u00e4rung von Facebook (<a href=\"http:\/\/www.facebook.com\/about\/privacy\/\">www.facebook.com\/about\/privacy\/<\/a>). Falls Sie keine Datenerfassung via Custom Audience w\u00fcnschen, k\u00f6nnen Sie Custom Audiences hier (<a href=\"http:\/\/www.facebook.com\/ads\/website_custom_audiences\/\">www.facebook.com\/ads\/website_custom_audiences\/<\/a>) deaktivieren.<\/p>\n<h2><strong>Webfonts (Web-Zeichensatz)<\/strong><\/h2>\n<p>Auf dieser Website werden externe Schriften, Google Fonts verwendet. Google Fonts ist ein Dienst der Google Inc. (\u201eGoogle\u201c). Der Download erfolgt von einem Google-Server, der sich m\u00f6glicherweise in den USA befindet. M\u00f6glicherweise wird die IP-Adresse Ihres Endger\u00e4tes von Google gespeichert. N\u00e4here Informationen finden Sie in den Datenschutzhinweisen von Google, die Sie hier abrufen k\u00f6nnen:<br \/>\n<a href=\"https:\/\/developers.google.com\/fonts\/faq\">https:\/\/developers.google.com\/fonts\/faq<\/a><br \/>\n<a href=\"https:\/\/www.google.com\/policies\/privacy\/\">https:\/\/www.google.com\/policies\/privacy\/<\/a><\/p>\n<h2><strong>E-Mail Marketing<\/strong><\/h2>\n<p><strong>Hinweise zum Newsletter und Einwilligungen<\/strong><\/p>\n<p>Mit den nachfolgenden Hinweisen kl\u00e4ren wir Sie \u00fcber die Inhalte unseres Newsletters sowie das Anmelde-, Versand- und das statistische Auswertungsverfahren sowie Ihre Widerspruchsrechte auf. Indem Sie unseren Newsletter abonnieren, erkl\u00e4ren Sie sich mit dem Empfang und den beschriebenen Verfahren einverstanden.<\/p>\n<p><strong>Inhalt des Newsletters<\/strong><\/p>\n<p>Wir versenden Newsletter, E-Mails und weitere elektronische Benachrichtigungen mit werblichen Informationen (nachfolgend \u201eNewsletter\u201c) nur mit der Einwilligung der Empf\u00e4nger oder einer gesetzlichen Erlaubnis. Sofern im Rahmen einer Anmeldung zum Newsletter dessen Inhalte konkret umschrieben werden, sind sie f\u00fcr die Einwilligung der Nutzer ma\u00dfgeblich. Im \u00dcbrigen enthalten unsere Newsletter Informationen \u00fcber die digitale Wirtschaft und all ihre Zweige (hierzu k\u00f6nnen insbesondere Hinweise auf Artikel,\u00a0 Werbeanzeigen, Whitepaper oder Onlineauftritte geh\u00f6ren).<\/p>\n<p><strong>Double-Opt-In und Protokollierung<\/strong><\/p>\n<p>Die Anmeldung zu unserem Newsletter erfolgt in einem sog. Double-Opt-In-Verfahren. D.h. Sie erhalten nach der Anmeldung eine E-Mail, in der Sie um die Best\u00e4tigung Ihrer Anmeldung gebeten werden. Diese Best\u00e4tigung ist notwendig, damit sich niemand mit fremden E-Mail-Adressen anmelden kann.<\/p>\n<p>Die Anmeldungen zum Newsletter werden protokolliert, um den Anmeldeprozess entsprechend den rechtlichen Anforderungen nachweisen zu k\u00f6nnen. Hierzu geh\u00f6rt die Speicherung des Anmelde- und des Best\u00e4tigungszeitpunkts, als auch der IP-Adresse. Ebenso werden die \u00c4nderungen Ihrer gespeicherten Daten protokolliert.<\/p>\n<p><strong>Anmeldedaten<\/strong><\/p>\n<p>Um sich f\u00fcr den Newsletter anzumelden, reicht es aus, wenn Sie Ihre E-Mailadresse angeben.<\/p>\n<p>Optional bitten wir Sie Ihren Vor- und Nachnamen anzugeben. Diese Angaben dienen lediglich der Personalisierung des Newsletters. Ferner bitten wir Sie ebenfalls optional Ihr Geburtsdatum, das Geschlecht und Ihre Branche anzugeben. Diese Informationen nutzen wir nur, um die Inhalte des Newsletters den Interessen unserer Leser anzupassen.<\/p>\n<p><strong>Statistische Erhebung und Analysen<\/strong><\/p>\n<p>Die Newsletter enthalten einen sog. \u201eweb-beacon\u201c, d.h. eine pixelgro\u00dfe Datei, die beim \u00d6ffnen des Newsletters von dem Server abgerufen wird. Im Rahmen dieses Abrufs werden zun\u00e4chst technische Informationen, wie Informationen zum Browser und Ihrem System, als auch Ihre IP-Adresse und Zeitpunkt des Abrufs erhoben. Diese Informationen werden zur technischen Verbesserung der Services anhand der technischen Daten oder der Zielgruppen und ihres Leseverhaltens anhand derer Abruforte (die mit Hilfe der IP-Adresse bestimmbar sind) oder der Zugriffszeiten genutzt.<\/p>\n<p>Zu den statistischen Erhebungen geh\u00f6rt ebenfalls die Feststellung, ob die Newsletter ge\u00f6ffnet werden, wann sie ge\u00f6ffnet werden und welche Links geklickt werden. Diese Informationen k\u00f6nnen aus technischen Gr\u00fcnden zwar den einzelnen Newsletter-Empf\u00e4ngern zugeordnet werden. Es ist jedoch weder unser Bestreben, einzelne Nutzer zu beobachten. Die Auswertungen dienen uns viel mehr dazu, die Lesegewohnheiten unserer Nutzer zu erkennen und unsere Inhalte auf sie anzupassen oder unterschiedliche Inhalte entsprechend den Interessen unserer Nutzer zu versenden.<\/p>\n<p><strong>Hotjar<\/strong><br \/>\nWir nutzen\u00a0<a href=\"http:\/\/www.hotjar.com\/\">Hotjar<\/a>, um die Bed\u00fcrfnisse unserer Nutzer besser zu verstehen und das Angebot auf dieser Website zu optimieren. \u00a0Mithilfe der Technologie von Hotjar bekommen wir ein besseres Verst\u00e4ndnis von den Erfahrungen unserer Nutzer (z.B. wieviel Zeit Nutzer auf welchen Seiten verbringen, welche Links sie anklicken, was sie m\u00f6gen und was nicht etc.) und das hilft uns, unser Angebot am Feedback unserer Nutzer auszurichten. Hotjar arbeitet mit Cookies und anderen Technologien, um Informationen \u00fcber das Verhalten unserer Nutzer und \u00fcber ihre Endger\u00e4te zu sammeln (insbesondere IP Adresse des Ger\u00e4ts (wird nur in anonymisierter Form erfasst und gespeichert), Bildschirmgr\u00f6\u00dfe, Ger\u00e4tetyp (Unique Device Identifiers), Informationen \u00a0\u00fcber den verwendeten Browser, Standort (nur Land), zum Anzeigen unserer Website bevorzugte Sprache). Hotjar speichert diese Informationen in einem pseudonymisierten Nutzerprofil.\u00a0 Die Informationen werden weder von Hotjar noch von uns zur Identifizierung einzelner Nutzer verwendet oder mit weiteren Daten \u00fcber einzelne Nutzer zusammengef\u00fchrt. Weitere Informationen findest Du in\u00a0<a href=\"https:\/\/www.hotjar.com\/legal\/policies\/privacy\">Hotjars Datenschutzerkl\u00e4rung<\/a>.<\/p>\n<p><strong>Nutzung von Google Analytics<\/strong><\/p>\n<p>Soweit Sie Ihre Einwilligung erkl\u00e4rt haben, wird auf dieser Website Google Analytics eingesetzt, ein Webanalysedienst der Google LLC (\u201eGoogle\u201c). Die Nutzung umfasst die Betriebsart \u201eUniversal Analytics\u201c. Hierdurch ist es m\u00f6glich, Daten, Sitzungen und Interaktionen \u00fcber mehrere Ger\u00e4te hinweg einer pseudonymen User-ID zuzuordnen und so die Aktivit\u00e4ten eines Nutzers ger\u00e4te\u00fcbergreifend zu analysieren. Dieser Datenschutzhinweis wird zur Verf\u00fcgung gestellt von <a href=\"https:\/\/www.intersoft-consulting.de\" target=\"_blank\" rel=\"noopener noreferrer\">www.intersoft-consulting.de<\/a>.<\/p>\n<p>Google Analytics verwendet sog. \u201eCookies\u201c, Textdateien, die auf Ihrem Computer gespeichert werden und die eine Analyse der Benutzung der Website durch Sie erm\u00f6glichen. Die durch das Cookie erzeugten Informationen \u00fcber Ihre Benutzung dieser Website werden in der Regel an einen Server von Google in den USA \u00fcbertragen und dort gespeichert. Im Falle der Aktivierung der IP-Anonymisierung auf dieser Website, wird Ihre IP-Adresse von Google jedoch innerhalb von Mitgliedstaaten der Europ\u00e4ischen Union oder in anderen Vertragsstaaten des Abkommens \u00fcber den Europ\u00e4ischen Wirtschaftsraum zuvor gek\u00fcrzt. Nur in Ausnahmef\u00e4llen wird die volle IP-Adresse an einen Server von Google in den USA \u00fcbertragen und dort gek\u00fcrzt. Wir weisen Sie darauf hin, dass auf dieser Webseite Google Analytics um eine IP-Anonymisierung erweitert wurde, um eine anonymisierte Erfassung von IP-Adressen (sog. IP-Masking) zu gew\u00e4hrleisten. Die im Rahmen von Google Analytics von Ihrem Browser \u00fcbermittelte IP-Adresse wird nicht mit anderen Daten von Google zusammengef\u00fchrt. N\u00e4here Informationen zu Nutzungsbedingungen und Datenschutz finden Sie unter <a href=\"https:\/\/www.google.com\/analytics\/terms\/de.html\" target=\"_blank\" rel=\"noopener noreferrer\">https:\/\/www.google.com\/analytics\/terms\/de.html<\/a> bzw. unter <a href=\"https:\/\/policies.google.com\/?hl=de\" target=\"_blank\" rel=\"noopener noreferrer\">https:\/\/policies.google.com\/?hl=de<\/a>.<\/p>\n<p><strong>Zwecke der Verarbeitung<\/strong><br \/>\nIm Auftrag des Betreibers dieser Website wird Google diese Informationen benutzen, um Ihre Nutzung der Website auszuwerten, um Reports \u00fcber die Websiteaktivit\u00e4ten zusammenzustellen und um weitere mit der Websitenutzung und der Internetnutzung verbundene Dienstleistungen gegen\u00fcber dem Websitebetreiber zu erbringen.<\/p>\n<p><strong>Rechtsgrundlage<\/strong><br \/>\nDie Rechtsgrundlage f\u00fcr den Einsatz von Google Analytics ist Ihre Einwilligung gem\u00e4\u00df <a href=\"https:\/\/dsgvo-gesetz.de\/art-6-dsgvo\/\" target=\"_blank\" rel=\"noopener noreferrer\">Art. 6 Abs. 1 S.1 lit. a DSGVO<\/a>.<\/p>\n<p><strong>Empf\u00e4nger \/ Kategorien von Empf\u00e4ngern<\/strong><br \/>\nDer Empf\u00e4nger der erhobenen Daten ist Google.<\/p>\n<p><strong>\u00dcbermittlung in Drittstaaten<\/strong><br \/>\nDie personenbezogenen Daten werden unter dem EU-US Privacy Shield auf Grundlage des Angemessenheitsbeschlusses der Europ\u00e4ischen Kommission in die USA \u00fcbermittelt. Das Zertifikat k\u00f6nnen Sie <a href=\"https:\/\/www.privacyshield.gov\/participant?id=a2zt000000001L5AAI\" target=\"_blank\" rel=\"noopener noreferrer\">hier<\/a> abrufen.<\/p>\n<p><strong>Dauer der Datenspeicherung<\/strong><br \/>\nDie von uns gesendeten und mit Cookies, Nutzerkennungen (z. B. User-ID) oder Werbe-IDs verkn\u00fcpften Daten werden nach 14 Monaten automatisch gel\u00f6scht. Die L\u00f6schung von Daten, deren Aufbewahrungsdauer erreicht ist, erfolgt automatisch einmal im Monat.<\/p>\n<p><strong>Betroffenenrechte<\/strong><br \/>\nSie k\u00f6nnen Ihre Einwilligung jederzeit mit Wirkung f\u00fcr die Zukunft widerrufen, indem Sie die Speicherung der Cookies durch eine entsprechende Einstellung Ihrer Browser-Software verhindern; wir weisen Sie jedoch darauf hin, dass Sie in diesem Fall gegebenenfalls nicht s\u00e4mtliche Funktionen dieser Website vollumf\u00e4nglich werden nutzen k\u00f6nnen.<\/p>\n<p>Sie k\u00f6nnen dar\u00fcber hinaus die Erfassung der durch das Cookie erzeugten und auf Ihre Nutzung der Website bezogenen Daten (inkl. Ihrer IP-Adresse) an Google sowie die Verarbeitung dieser Daten durch Google verhindern, indem Sie das <a href=\"https:\/\/tools.google.com\/dlpage\/gaoptout?hl=de\" target=\"_blank\" rel=\"noopener noreferrer\">Browser-Add-on<\/a> herunterladen und installieren. Opt-Out-Cookies verhindern die zuk\u00fcnftige Erfassung Ihrer Daten beim Besuch dieser Website. Um die Erfassung durch Universal Analytics \u00fcber verschiedene Ger\u00e4te hinweg zu verhindern, m\u00fcssen Sie das Opt-Out auf allen genutzten Systemen durchf\u00fchren. Wenn Sie hier klicken, wird das Opt-Out-Cookie gesetzt: <a><strong>Google Analytics deaktivieren<\/strong><\/a><\/p>\n<p>&nbsp;<\/p>\n<p><strong>K\u00fcndigung\/Widerruf<\/strong><\/p>\n<p>Sie k\u00f6nnen den Empfang unseres Newsletters jederzeit k\u00fcndigen, d.h. Ihre Einwilligungen widerrufen. Damit erl\u00f6schen gleichzeitig Ihre Einwilligungen in dessen Versand\u00a0 und die statistischen Analysen. Ein getrennter Widerruf des Versandes oder der statistischen Auswertung ist leider nicht m\u00f6glich.<\/p>\n<p>Einen Link zur K\u00fcndigung des Newsletters finden Sie am Ende eines jeden Newsletters.<\/p>\n<p><strong>Rechtsgrundlagen Datenschutzgrundverordnung<\/strong><\/p>\n<p>Entsprechend den Vorgaben der ab dem 25. Mai 2018 geltenden Datenschutzgrundverordnung (DSGVO) informieren wir Sie, dass die Einwilligungen in den Versand der E-Mailadressen auf Grundlage der Art. 6 Abs. 1 lit. a, 7 DSGVO sowie \u00a7 96 Abs 3 TKG erfolgt. Unser Interesse richtet sich auf den Einsatz eines nutzerfreundlichen sowie sicheren Newslettersystems, das sowohl unseren gesch\u00e4ftlichen Interessen dient, als auch den Erwartungen der Nutzer entspricht.<br \/>\nWir weisen Sie ferner darauf hin, dass Sie der k\u00fcnftigen Verarbeitung Ihrer personenbezogenen Daten entsprechend den gesetzlichen Vorgaben gem. Art. 21 DSGVO jederzeit widersprechen k\u00f6nnen. Der Widerspruch kann insbesondere gegen die Verarbeitung f\u00fcr Zwecke der Direktwerbung erfolgen.<\/p>\n<p>Im Rahmen der Versandabwicklung \u00fcbermitteln wir auf der Grundlage der EU-Datenschutzgrundverordnung Artikel 6(1f) Ihre Daten (Name, Adresse, ggf. Emailadresse und\/oder Mobiltelefonnummer, sowie weitere, sendungsbezogene, Daten) an unseren Versandpartner DPD Deutschland GmbH. Sie k\u00f6nnen der \u00dcbermittlung von Zusatzinformationen wie E-Mail oder Mobiltelefonnummer sowohl bei uns als auch bei DPD\u00a0<a target=\"_blank\" rel=\"noopener\">widerspruch_<wbr \/>predictbenachrichtigung@dpd.de<\/a><wbr \/>\u00a0oder bei jeder Paketinformation \u00fcber einen Link jederzeit widersprechen.<\/p>\n<p><strong>Ihre Rechte<\/strong><\/p>\n<p>Ihnen stehen grunds\u00e4tzlich die Rechte auf Auskunft, Berichtigung, L\u00f6schung, Einschr\u00e4nkung, Daten\u00fcbertragbarkeit, Widerruf und Widerspruch zu. Wenn Sie glauben, dass die Verarbeitung Ihrer Daten gegen das Datenschutzrecht verst\u00f6\u00dft oder Ihre datenschutzrechtlichen Anspr\u00fcche sonst in einer Weise verletzt worden sind, k\u00f6nnen Sie sich bei der Aufsichtsbeh\u00f6rde beschweren. In Deutschland ist dies die Datenschutzbeh\u00f6rde.<\/p>\n<p>&nbsp;<\/p>\n<p>Quelle: Erstellt\u00a0mit dem\u00a0Datenschutz Generator von\u00a0<a title=\"Datenschutz Generator von Content Marketing Agentur Wien\" href=\"https:\/\/www.adsimple.at\/\" target=\"_blank\" rel=\"follow noopener noreferrer\">Content Marketing Agentur AdSimple.at<\/a>\u00a0in Kooperation mit\u00a0<a class=\"external\" title=\"\" href=\"https:\/\/www.newspartner.at\/\" target=\"_blank\" rel=\"follow noopener noreferrer\">newspartner.at<\/a><\/p>\n<p>&nbsp;<\/p>\n<p><strong>Sie erreichen uns unter folgenden Kontaktdaten<\/strong>:<\/p>\n<p>Firma<\/p>\n<p>swk21media GmbH<\/p>\n<p><a href=\"mailto:kontakt@viteffect.de\">kontakt@viteffect.de<\/a><\/p>\n<p>&nbsp;<\/p>\n<p>Stand: April 2018<\/p>\n","protected":false},"excerpt":{"rendered":"<p>DATENSCHUTZ- UND DATENVERWENDUNGSRICHTLINIE (Datenschutzerkl\u00e4rung) Der Schutz Ihrer pers\u00f6nlichen Daten ist uns ein besonderes Anliegen. Wir verarbeiten Ihre Daten daher ausschlie\u00dflich auf Grundlage der gesetzlichen Bestimmungen (DSGVO, TKG 2003). In diesen Datenschutzinformationen informieren wir Sie \u00fcber die wichtigsten Aspekte der Datenverarbeitung im Rahmen unserer Website. Kontakt mit uns Wenn Sie per Formular auf der Website oder [&#8230;]\n","protected":false},"author":694,"featured_media":0,"parent":0,"menu_order":0,"comment_status":"closed","ping_status":"closed","template":"page-blank-title-center.php","meta":{"_acf_changed":false,"footnotes":"","_links_to":"","_links_to_target":""},"class_list":["post-15418","page","type-page","status-publish","hentry"],"acf":[],"_links":{"self":[{"href":"https:\/\/viteffect.de\/it\/wp-json\/wp\/v2\/pages\/15418","targetHints":{"allow":["GET"]}}],"collection":[{"href":"https:\/\/viteffect.de\/it\/wp-json\/wp\/v2\/pages"}],"about":[{"href":"https:\/\/viteffect.de\/it\/wp-json\/wp\/v2\/types\/page"}],"author":[{"embeddable":true,"href":"https:\/\/viteffect.de\/it\/wp-json\/wp\/v2\/users\/694"}],"replies":[{"embeddable":true,"href":"https:\/\/viteffect.de\/it\/wp-json\/wp\/v2\/comments?post=15418"}],"version-history":[{"count":5,"href":"https:\/\/viteffect.de\/it\/wp-json\/wp\/v2\/pages\/15418\/revisions"}],"predecessor-version":[{"id":36985,"href":"https:\/\/viteffect.de\/it\/wp-json\/wp\/v2\/pages\/15418\/revisions\/36985"}],"wp:attachment":[{"href":"https:\/\/viteffect.de\/it\/wp-json\/wp\/v2\/media?parent=15418"}],"curies":[{"name":"wp","href":"https:\/\/api.w.org\/{rel}","templated":true}]}}