{"id":39875,"date":"2022-03-21T19:46:52","date_gmt":"2022-03-21T18:46:52","guid":{"rendered":"https:\/\/viteffect.de\/39870-2\/"},"modified":"2022-03-21T19:48:06","modified_gmt":"2022-03-21T18:48:06","slug":"39870-2","status":"publish","type":"page","link":"https:\/\/viteffect.de\/nl\/39870-2\/","title":{"rendered":"Ank\u00fcndigung"},"content":{"rendered":"<div class=\"wpb-content-wrapper\">[vc_row][vc_column css=&#8221;.vc_custom_1647888191385{padding-right: 200px !important;padding-left: 200px !important;}&#8221;][vc_column_text]\n<table role=\"presentation\" border=\"0\" width=\"100%\" cellspacing=\"0\" cellpadding=\"0\">\n<tbody>\n<tr>\n<td id=\"mceColumnContainer\" class=\"mceSpacing-24\" valign=\"top\">\n<div class=\"mceText\">\n<p style=\"text-align: center;\"><em>See below for English text<\/em><\/p>\n<p>&nbsp;<\/p>\n<h4 style=\"text-align: center;\"><span style=\"color: #ff0000;\"><strong>Neu: Extragenuss Haferkleie &#8211; VitEffect21 neue Preise ab 30.M\u00e4rz<\/strong><\/span><\/h4>\n<p style=\"text-align: center;\">Liebe VitEffect Kunden!<\/p>\n<p style=\"text-align: center;\">Wir informieren Sie bzw. Euch \u00fcber unsere neuen Extragenuss-Haferkleie-Hefte zum Begleitheft der Stoffwechselkur und die Preiserh\u00f6hungen ab 30.M\u00e4rz ausschliesslich f\u00fcr unsere VitEffect21-Produkte.<\/p>\n<p>&nbsp;<\/p>\n<h4 style=\"text-align: center;\"><span style=\"color: #ff0000;\"><strong>&#8211; Neue Extragenuss Haferkleie Optionen zum deutschen Begleitheft &#8211;<\/strong><\/span><\/h4>\n<p style=\"text-align: center;\">Wir bieten das deutsche Stoffwechselkur-Begleitheft jetzt wahlweise mit dem Heft \u201eExtragenuss Haferkleie\u201c und, wie bisher auch ohne dieses Zusatzheft auf<\/p>\n<div id=\"69685233\" class=\"clickmapLinkContainer-2ee_O clickmapAugmentation-1ZOR7\" style=\"text-align: center;\">\n<div class=\"clickmapLink-3sMP6\"><a class=\"\" href=\"https:\/\/viteffect.de\/product\/begleitheft-mit-extragenuss-hafer-rezepten\/\">https:\/\/viteffect.de\/product\/begleitheft-mit-extragenuss-hafer-rezepten\/<\/a><\/div>\n<\/div>\n<div id=\"69685237\" class=\"clickmapLinkContainer-2ee_O clickmapAugmentation-1ZOR7\" style=\"text-align: center;\">\n<div>und<\/div>\n<div class=\"clickmapLink-3sMP6\" style=\"text-align: center;\"><a class=\"\" href=\"https:\/\/viteffect.de\/product\/begleitheft\/\">https:\/\/viteffect.de\/product\/begleitheft\/<\/a><\/div>\n<\/div>\n<p>&nbsp;<\/p>\n<p style=\"text-align: center;\">Das Extragenuss-Haferkleie-Heft enth\u00e4lt auf 4 Seiten leckere Haferkleie-Rezepte und wertvolle Tips im Zusammenhang mit Haferkleie in der Stoffwechselkur. Diese Heft gibt es auch einzeln bzw. separat in Staffelpreisen ab \u20ac 0,50 auf<\/p>\n<div id=\"69685241\" class=\"clickmapLinkContainer-2ee_O clickmapAugmentation-1ZOR7\">\n<div class=\"clickmapLink-3sMP6\" style=\"text-align: center;\"><a class=\"\" href=\"https:\/\/viteffect.de\/product\/extragenuss-hafer-rezepte\/\">https:\/\/viteffect.de\/product\/extragenuss-hafer-rezepte\/<\/a><\/div>\n<\/div>\n<p>&nbsp;<\/p>\n<p style=\"text-align: center;\">Uns haben bereits viele begeisterte R\u00fcckmeldungen zu den Erfahrungen mit den Extragenuss-Rezepten erreicht &#8211; vielen Dank an alle, die bei der Entwicklung auf deutsch und englisch mitgeholfen haben!<\/p>\n<p>&nbsp;<\/p>\n<h4 style=\"text-align: center;\"><span style=\"color: #ff0000;\"><strong>&#8211; Neu ab 21. M\u00e4rz englische Version der Extragenuss Haferkleie Hefte &#8211;<\/strong><\/span><\/h4>\n<p style=\"text-align: center;\">Ab 21. M\u00e4rz werden auch auf englisch die Extragenuss-Haferkleie-Hefte im Shop ausgeliefert werden k\u00f6nnen. Diese englische Variante der Haferkleie-Hefte dient als internationale Version f\u00fcr alle nicht deutschen Sprachen.<\/p>\n<p style=\"text-align: center;\">Auch diese englische Version der Extragenuss-Hefte ist separat erh\u00e4ltlich mit Staffelpreisen ab \u20ac0,50 und auch als Kombi-Heft mit dem englischen Stoffwechselkur-Begleitheft. Bereits jetzt zum Vorbestellen auf<\/p>\n<div id=\"69685245\" class=\"clickmapLinkContainer-2ee_O clickmapAugmentation-1ZOR7\">\n<div class=\"clickmapLink-3sMP6\" style=\"text-align: center;\"><a class=\"\" href=\"https:\/\/viteffect.de\/product\/extra-enjoyment-oat-bran-recipes-en\/\">https:\/\/viteffect.de\/product\/extra-enjoyment-oat-bran-recipes-en\/<\/a><\/div>\n<\/div>\n<p>&nbsp;<\/p>\n<h4 style=\"text-align: center;\"><span style=\"color: #ff0000;\"><strong>&#8211; Preiserh\u00f6hung ausschliesslich f\u00fcr VitEffect21-Produkte ab 30.M\u00e4rz &#8211;<\/strong><\/span><\/h4>\n<p style=\"text-align: center;\">Nach \u00fcber sieben Jahren unver\u00e4nderter Preise werden wir f\u00fcr unsere VitEffect21-Produkte als Klassikersalz und Globuli erstmals eine Preiserh\u00f6hung durchf\u00fchren m\u00fcssen, da auch bei uns die stark steigenden Produktionskosten nicht spurlos vor\u00fcber gehen.<\/p>\n<p style=\"text-align: center;\">Bis zum 30.03.2022 sind die Produkte zum bisherigen Preis zu bestellen.<\/p>\n<p style=\"text-align: center;\">Alle ausgegebenen Gutscheincodes bleiben auch nach dem 30.M\u00e4rz g\u00fcltig.<\/p>\n<p style=\"text-align: center;\">Beste Gesundheit und liebe Gr\u00fc\u00dfe<\/p>\n<p style=\"text-align: center;\">Euer Team von <em><strong>Vit<\/strong>Effect<\/em><\/p>\n<p class=\"last-child\">\n<\/div>\n<\/td>\n<\/tr>\n<tr>\n<td id=\"mceColumnContainer\" class=\"mceSpacing-24\" valign=\"top\">\n<table role=\"presentation\" border=\"0\" width=\"100%\" cellspacing=\"0\" cellpadding=\"0\">\n<tbody>\n<tr>\n<td valign=\"top\"><\/td>\n<\/tr>\n<\/tbody>\n<\/table>\n<\/td>\n<\/tr>\n<tr>\n<td id=\"mceColumnContainer\" class=\"mceSpacing-24\" valign=\"top\">\n<table role=\"presentation\" border=\"0\" width=\"100%\" cellspacing=\"0\" cellpadding=\"0\">\n<tbody>\n<tr>\n<td valign=\"top\"><\/td>\n<\/tr>\n<\/tbody>\n<\/table>\n<\/td>\n<\/tr>\n<tr>\n<td id=\"mceColumnContainer\" class=\"mceSpacing-24\" valign=\"top\">\n<div class=\"mceText\">\n<h4 style=\"text-align: center;\"><span style=\"color: #ff0000;\"><strong>New: Extra enjoyment oat bran &#8211; VitEffect21 new prices from 30.03.<\/strong><\/span><\/h4>\n<p style=\"text-align: center;\">Dear VitEffect customers,<\/p>\n<p style=\"text-align: center;\">We want to inform you about our new \u201eextra enjoyment with oat bran\u201c addition to our booklet for the metabolism diet and the price increase as of the 30th of March, exclusively for our VitEffect21 products.<\/p>\n<p>&nbsp;<\/p>\n<h4 style=\"text-align: center;\"><span style=\"color: #ff0000;\"><strong>&#8211; New extra enjoyment oat bran options for the German booklet &#8211;<\/strong><\/span><\/h4>\n<p style=\"text-align: center;\">We are offering the german metabolism diet booklet now as a choice between the booklet as it was and with the additional \u201eextra enjoyment oat bran\u201c pages at<\/p>\n<div id=\"69685249\" class=\"clickmapLinkContainer-2ee_O clickmapAugmentation-1ZOR7\">\n<div class=\"clickmapLink-3sMP6\" style=\"text-align: center;\"><a class=\"\" href=\"https:\/\/viteffect.de\/en\/product\/extragenuss-hafer-rezepte\/\">https:\/\/viteffect.de\/en\/product\/extragenuss-hafer-rezepte\/<\/a><\/div>\n<\/div>\n<p>&nbsp;<\/p>\n<p style=\"text-align: center;\">The 4 pages of the \u201eExtra Enjoyment Oat Bran\u201c leaflet contain valuable tips in connection to oat bran within the metabolism diet. This leaflet can also be purchased separately at a price as low as 0,50\u20ac when purchased in bulk at<\/p>\n<div id=\"69685253\" class=\"clickmapLinkContainer-2ee_O clickmapAugmentation-1ZOR7\">\n<div class=\"clickmapLink-3sMP6\" style=\"text-align: center;\"><a class=\"\" href=\"https:\/\/viteffect.de\/en\/product\/extragenuss-hafer-rezepte\/\">https:\/\/viteffect.de\/en\/product\/extragenuss-hafer-rezepte\/<\/a><\/div>\n<\/div>\n<p>&nbsp;<\/p>\n<p style=\"text-align: center;\">We have already received many excited feedbacks for the experiences with the new oat bran recipes &#8211; thank you to everyone, who have worked on the development of the English and German version!<\/p>\n<p>&nbsp;<\/p>\n<h4 style=\"text-align: center;\"><span style=\"color: #ff0000;\"><strong>-New as of the 21.03.: the english Version of the Extra Enjoyment Leaflet-<\/strong><\/span><\/h4>\n<p style=\"text-align: center;\">As of the 21st of March, the english \u201eExtra Enjoyment Oat Bran\u201c leaflet can be purchased in our shop. This version serves as the international Version for all booklets offered in non-german languages.<\/p>\n<p style=\"text-align: center;\">This English version of the \u201eExtra Enjoyment\u201c leaflet is separately purchasable at bulk prices as low as 0,50\u20ac and in combination with the English metabolism diet booklet. Pre-purchase at<\/p>\n<div id=\"69685257\" class=\"clickmapLinkContainer-2ee_O clickmapAugmentation-1ZOR7\">\n<div class=\"clickmapLink-3sMP6\" style=\"text-align: center;\"><a class=\"\" href=\"https:\/\/viteffect.de\/en\/product\/extra-enjoyment-oat-bran-recipes-en\/\">https:\/\/viteffect.de\/en\/product\/extra-enjoyment-oat-bran-recipes-en\/<\/a><\/div>\n<\/div>\n<p>&nbsp;<\/p>\n<h4 style=\"text-align: center;\"><span style=\"color: #ff0000;\"><strong>&#8211; Price increase exclusively for VitEffect21 products as of the 30. March &#8211;<\/strong><\/span><\/h4>\n<p style=\"text-align: center;\">After over 7 years of unchanged prices, we have to increase the prices for the first time for our VitEffect21 products; the classic salt and globules, as the increasing production costs affect us as well.<\/p>\n<p style=\"text-align: center;\">Until the 30.03.2022 the products can still be purchased at the current prices.<\/p>\n<p style=\"text-align: center;\">All of our coupons will still be useable after the 30.03.<\/p>\n<p style=\"text-align: center;\">Best of health and best wishes<\/p>\n<p class=\"last-child\" style=\"text-align: center;\">Your team from <em><strong>Vit<\/strong>Effect<\/em><\/p>\n<\/div>\n<\/td>\n<\/tr>\n<\/tbody>\n<\/table>\n[\/vc_column_text][\/vc_column][\/vc_row]\n<\/div>","protected":false},"excerpt":{"rendered":"[vc_row][vc_column css=&#8221;.vc_custom_1647888191385{padding-right: 200px !important;padding-left: 200px !important;}&#8221;][vc_column_text] See below for English text &nbsp; Neu: Extragenuss Haferkleie &#8211; VitEffect21 neue Preise ab 30.M\u00e4rz Liebe VitEffect Kunden! Wir informieren Sie bzw. Euch \u00fcber unsere neuen Extragenuss-Haferkleie-Hefte zum Begleitheft der Stoffwechselkur und die Preiserh\u00f6hungen ab 30.M\u00e4rz ausschliesslich f\u00fcr unsere VitEffect21-Produkte. &nbsp; &#8211; Neue Extragenuss Haferkleie Optionen zum deutschen Begleitheft [&#8230;]\n","protected":false},"author":5,"featured_media":0,"parent":0,"menu_order":0,"comment_status":"closed","ping_status":"closed","template":"","meta":{"_acf_changed":false,"footnotes":"","_links_to":"","_links_to_target":""},"class_list":["post-39875","page","type-page","status-publish","hentry"],"acf":[],"_links":{"self":[{"href":"https:\/\/viteffect.de\/nl\/wp-json\/wp\/v2\/pages\/39875","targetHints":{"allow":["GET"]}}],"collection":[{"href":"https:\/\/viteffect.de\/nl\/wp-json\/wp\/v2\/pages"}],"about":[{"href":"https:\/\/viteffect.de\/nl\/wp-json\/wp\/v2\/types\/page"}],"author":[{"embeddable":true,"href":"https:\/\/viteffect.de\/nl\/wp-json\/wp\/v2\/users\/5"}],"replies":[{"embeddable":true,"href":"https:\/\/viteffect.de\/nl\/wp-json\/wp\/v2\/comments?post=39875"}],"version-history":[{"count":3,"href":"https:\/\/viteffect.de\/nl\/wp-json\/wp\/v2\/pages\/39875\/revisions"}],"predecessor-version":[{"id":39895,"href":"https:\/\/viteffect.de\/nl\/wp-json\/wp\/v2\/pages\/39875\/revisions\/39895"}],"wp:attachment":[{"href":"https:\/\/viteffect.de\/nl\/wp-json\/wp\/v2\/media?parent=39875"}],"curies":[{"name":"wp","href":"https:\/\/api.w.org\/{rel}","templated":true}]}}