{"id":34053,"date":"2021-05-24T16:55:23","date_gmt":"2021-05-24T14:55:23","guid":{"rendered":"https:\/\/viteffect.de\/kontakt\/"},"modified":"2021-05-24T16:55:23","modified_gmt":"2021-05-24T14:55:23","slug":"kontakt","status":"publish","type":"page","link":"https:\/\/viteffect.de\/pl\/kontakt\/","title":{"rendered":"Kontakt"},"content":{"rendered":"<div class=\"row\"  id=\"row-1489424788\">\n\n\t<div id=\"col-307453704\" class=\"col medium-6 small-12 large-6\"  >\n\t\t\t\t<div class=\"col-inner\"  >\n\t\t\t\n\t\t\t\n<h3>Kontakt \/ Nadruk<\/h3>\n<p>Dost\u0119pny na wy\u0142\u0105czno\u015b\u0107 przez:<br \/>\nswk21media GmbH<br \/>\nSonnenring 7<br \/>\nD-84036 Kumhausen<\/p>\n<p><strong>Kontakt:<\/strong><br \/>\nPoniedzia\u0142ek &#8211; Pi\u0105tek<br \/>\n<strong>Tel: <\/strong>+49 3212-1165293<br \/>\n<strong>E-Mail:<\/strong> <a href=\"mailto:kontakt@viteffect.de\">kontakt@viteffect.de<\/a><br \/>\nOdwied\u017a nas na\u00a0<a href=\"http:\/\/www.facebook.com\/VitEffect\/\">Facebook<\/a>.<\/p>\n<p>Managing director \/ Gesch\u00e4ftsf\u00fchrer: Gerhard Kern<br \/>\nAmtsgericht Hannover, HRB 211120<br \/>\nVAT.-Id.: \/ USt.-Id.: DE294415117<\/p>\n\t\t<\/div>\n\t\t\t\t\t<\/div>\n\n\t\n\n\t<div id=\"col-237026951\" class=\"col medium-6 small-12 large-6\"  >\n\t\t\t\t<div class=\"col-inner\"  >\n\t\t\t\n\t\t\t\n<p>Formularz kontaktowy<br \/>\n\n<div class=\"wpcf7 no-js\" id=\"wpcf7-f45-o1\" lang=\"en-US\" dir=\"ltr\" data-wpcf7-id=\"45\">\n<div class=\"screen-reader-response\"><p role=\"status\" aria-live=\"polite\" aria-atomic=\"true\"><\/p> <ul><\/ul><\/div>\n<form action=\"\/pl\/wp-json\/wp\/v2\/pages\/34053#wpcf7-f45-o1\" method=\"post\" class=\"wpcf7-form init\" aria-label=\"Contact form\" novalidate=\"novalidate\" data-status=\"init\">\n<fieldset class=\"hidden-fields-container\"><input type=\"hidden\" name=\"_wpcf7\" value=\"45\" \/><input type=\"hidden\" name=\"_wpcf7_version\" value=\"6.1.5\" \/><input type=\"hidden\" name=\"_wpcf7_locale\" value=\"en_US\" \/><input type=\"hidden\" name=\"_wpcf7_unit_tag\" value=\"wpcf7-f45-o1\" \/><input type=\"hidden\" name=\"_wpcf7_container_post\" value=\"0\" \/><input type=\"hidden\" name=\"_wpcf7_posted_data_hash\" value=\"\" \/>\n<\/fieldset>\n<div class=\"wpcf7-turnstile cf-turnstile\" data-sitekey=\"0x4AAAAAAB7WMVX34I3r1Smy\" data-response-field-name=\"_wpcf7_turnstile_response\"><\/div>\n\n<p>Name (Pflichtfeld)\n<\/p>\n<p><span class=\"wpcf7-form-control-wrap\" data-name=\"your-name\"><input size=\"40\" maxlength=\"400\" class=\"wpcf7-form-control wpcf7-text wpcf7-validates-as-required\" aria-required=\"true\" aria-invalid=\"false\" value=\"\" type=\"text\" name=\"your-name\" \/><\/span>\n<\/p>\n<p>Email (Pflichtfeld)\n<\/p>\n<p><span class=\"wpcf7-form-control-wrap\" data-name=\"your-email\"><input size=\"40\" maxlength=\"400\" class=\"wpcf7-form-control wpcf7-email wpcf7-validates-as-required wpcf7-text wpcf7-validates-as-email\" aria-required=\"true\" aria-invalid=\"false\" value=\"\" type=\"email\" name=\"your-email\" \/><\/span>\n<\/p>\n<p>Telefonnummer\n<\/p>\n<p><span class=\"wpcf7-form-control-wrap\" data-name=\"tel-12\"><input size=\"40\" maxlength=\"400\" class=\"wpcf7-form-control wpcf7-tel wpcf7-text wpcf7-validates-as-tel\" aria-invalid=\"false\" value=\"\" type=\"tel\" name=\"tel-12\" \/><\/span>\n<\/p>\n<p>Betreff (Pflichtfeld)\n<\/p>\n<p><span class=\"wpcf7-form-control-wrap\" data-name=\"your-subject\"><input size=\"40\" maxlength=\"400\" class=\"wpcf7-form-control wpcf7-text wpcf7-validates-as-required\" aria-required=\"true\" aria-invalid=\"false\" value=\"\" type=\"text\" name=\"your-subject\" \/><\/span>\n<\/p>\n<p>Ihre Nachricht (Pflichtfeld)\n<\/p>\n<p><span class=\"wpcf7-form-control-wrap\" data-name=\"your-message\"><textarea cols=\"40\" rows=\"10\" maxlength=\"2000\" class=\"wpcf7-form-control wpcf7-textarea wpcf7-validates-as-required\" aria-required=\"true\" aria-invalid=\"false\" name=\"your-message\"><\/textarea><\/span>\n<\/p>\n<p><input class=\"wpcf7-form-control wpcf7-submit has-spinner\" type=\"submit\" value=\"Send\" \/>\n<\/p><div class=\"wpcf7-response-output\" aria-hidden=\"true\"><\/div>\n<\/form>\n<\/div>\n\n\t\t<\/div>\n\t\t\t\t\t<\/div>\n\n\t\n<\/div>\n\n\t<section class=\"section\" id=\"section_920871189\">\n\t\t<div class=\"section-bg fill\" >\n\t\t\t\t\t\t\t\t\t\n\t\t\t\n\n\t\t<\/div>\n\n\t\t\n\n\t\t<div class=\"section-content relative\">\n\t\t\t\n<h3>Alternatywne rozwi\u0105zywanie spor\u00f3w zgodnie z Art. 14 (1) Rozporz\u0105dzenia ODR i \u00a7 36 VSBG:<\/h3>\n<p>Komisja Europejska udost\u0119pnia platform\u0119 do rozwi\u0105zywania spor\u00f3w online (OS), kt\u00f3r\u0105 mo\u017cna znale\u017a\u0107 pod adresem <a href=\"https:\/\/ec.europa.eu\/consumers\/odr\">https:\/\/ec.europa.eu\/consumers\/odr<\/a>. Nie jeste\u015bmy zobowi\u0105zani ani gotowi do udzia\u0142u w procedurze rozstrzygania spor\u00f3w przed s\u0105dem polubownym dla konsument\u00f3w.<\/p>\n\t\t<\/div>\n\n\t\t\n<style>\n#section_920871189 {\n  padding-top: 30px;\n  padding-bottom: 30px;\n}\n<\/style>\n\t<\/section>\n\t\n","protected":false},"excerpt":{"rendered":"Kontakt \/ Nadruk Dost\u0119pny na wy\u0142\u0105czno\u015b\u0107 przez: swk21media GmbH Sonnenring 7 D-84036 Kumhausen Kontakt: Poniedzia\u0142ek - Pi\u0105tek Tel: +49 3212-1165293 E-Mail: kontakt@viteffect.de Odwied\u017a nas na\u00a0Facebook. Managing director \/ Gesch\u00e4ftsf\u00fchrer: Gerhard Kern Amtsgericht Hannover, HRB 211120 VAT.-Id.: \/ USt.-Id.: DE294415117 Formularz kontaktowy Name (Pflichtfeld) Email (Pflichtfeld) Telefonnummer Betreff (Pflichtfeld) Ihre Nachricht (Pflichtfeld) Alternatywne rozwi\u0105zywanie spor\u00f3w zgodnie [...]","protected":false},"author":2,"featured_media":0,"parent":0,"menu_order":0,"comment_status":"closed","ping_status":"closed","template":"","meta":{"_acf_changed":false,"footnotes":"","_links_to":"","_links_to_target":""},"class_list":["post-34053","page","type-page","status-publish","hentry"],"acf":[],"_links":{"self":[{"href":"https:\/\/viteffect.de\/pl\/wp-json\/wp\/v2\/pages\/34053","targetHints":{"allow":["GET"]}}],"collection":[{"href":"https:\/\/viteffect.de\/pl\/wp-json\/wp\/v2\/pages"}],"about":[{"href":"https:\/\/viteffect.de\/pl\/wp-json\/wp\/v2\/types\/page"}],"author":[{"embeddable":true,"href":"https:\/\/viteffect.de\/pl\/wp-json\/wp\/v2\/users\/2"}],"replies":[{"embeddable":true,"href":"https:\/\/viteffect.de\/pl\/wp-json\/wp\/v2\/comments?post=34053"}],"version-history":[{"count":2,"href":"https:\/\/viteffect.de\/pl\/wp-json\/wp\/v2\/pages\/34053\/revisions"}],"predecessor-version":[{"id":34055,"href":"https:\/\/viteffect.de\/pl\/wp-json\/wp\/v2\/pages\/34053\/revisions\/34055"}],"wp:attachment":[{"href":"https:\/\/viteffect.de\/pl\/wp-json\/wp\/v2\/media?parent=34053"}],"curies":[{"name":"wp","href":"https:\/\/api.w.org\/{rel}","templated":true}]}}