{"id":34056,"date":"2015-10-26T13:46:14","date_gmt":"2015-10-26T12:46:14","guid":{"rendered":"https:\/\/viteffect.de\/agb\/"},"modified":"2025-01-09T13:48:26","modified_gmt":"2025-01-09T12:48:26","slug":"agb","status":"publish","type":"page","link":"https:\/\/viteffect.de\/pl\/agb\/","title":{"rendered":"AGB"},"content":{"rendered":"<div class=\"wpb-content-wrapper\">[vc_row][vc_column][vc_column_text]\n<h3><span style=\"color: #2c932c;\">Allgemeine Gesch\u00e4ftsbedingungen<\/span><\/h3>\n[\/vc_column_text][vc_empty_space][\/vc_column][\/vc_row][vc_row][vc_column][vc_column_text]\n<h4>Firma:<\/h4>\n<p>swk21media GmbH &amp; Co. KG<\/p>\n<p>Adresse f\u00fcr R\u00fccksendungen:<br \/>Sonnenring 7,<br \/>84036 Kumhausen<\/p>\n<p>Firmensitz:<br \/>Kleinenberger Ring 47<br \/>31812 Bad Pyrmont<\/p>\n<p>Amtsgericht Hannover: HRA 205956<br \/>USt.-ID.: DE358800728<\/p>\n<p>Tel: <a href=\"tel:+4952859907887\">05285 \/ 9907887<\/a><br \/>E-Mail: <a href=\"mailto:kontakt@viteffect.de\">kontakt@viteffect.de<\/a><\/p>\n<p>Pers\u00f6nlichhaftende Gesellschafterin:<br \/>swk21media Verwaltungs GmbH Sitz: Bad Pyrmont<br \/>Amtsgericht Hannover: HRB 224436<br \/>Gesch\u00e4ftsf\u00fchrer: Gunther Swoboda<\/p>\n<p>F\u00fcr Vertr\u00e4ge mit Verbrauchern<br \/>(Versand- einschlie\u00dflich Onlinehandel)<\/p>\n<p><b>\u00a7 1 Geltungsbereich<br \/><\/b>F\u00fcr alle gegenw\u00e4rtigen und zuk\u00fcnftigen Gesch\u00e4ftsbeziehungen gelten ausschlie\u00dflich die nachfolgenden AGB in ihrer zum Zeitpunkt der Bestellung g\u00fcltigen Fassung. Diese Bedingungen gelten nur gegen\u00fcber Verbrauchern. Verbraucher sind nat\u00fcrliche Personen, die ihre Bestellung zu einem Zweck aufgeben, der weder der gewerblichen oder selbstst\u00e4ndigen beruflichen T\u00e4tigkeit des Bestellers zuzurechnen ist.<br \/>Abweichende Bedingungen des Bestellers erkennt die swk21media GmbH &amp; Co. KG nicht an, es sei denn, wir haben ihrer Geltung ausdr\u00fccklich zugestimmt.<\/p>\n<p><b>\u00a7 2 Vertragsabschluss<br \/><\/b>Mit der Bestellung der Ware erkl\u00e4rt sich der Kunde verbindlich, die Ware erwerben zu wollen. Der Kaufvertrag kommt dadurch zustande, dass wir das in Ihrer Bestellung liegende Vertragsangebot annehmen. Die Annahme erfolgt entweder durch ausdr\u00fcckliche schriftliche Erkl\u00e4rung oder durch Zugang der Ware beim Empf\u00e4nger.<\/p>\n<p><b>\u00a7 3 Vorbehalt der Nichtverf\u00fcgbarkeit<\/b><br \/>Wir behalten uns vor, eine Bestellung nicht auszuf\u00fchren, wenn die bestellte Ware nicht vorr\u00e4tig ist. Selbstverst\u00e4ndlich informieren wir Sie \u00fcber diese Nichtverf\u00fcgbarkeit.<\/p>\n<p><a name=\"vk\"><\/a><b>\u00a7 4 Preise und Versandkosten<\/b><br \/>Unsere Preise sind Endpreis in Euro und enthalten die gesetzliche Umsatzsteuer.<br \/>Bei Bestellungen f\u00e4llt eine Versandkostenpauschale in H\u00f6he von 4,00 Euro an. Dies gilt nur f\u00fcr das Internet, nur f\u00fcr den Versandweg innerhalb Deutschlands und nur f\u00fcr Endkunden.<br \/>Bei Auslandssendungen werden die tats\u00e4chlich anfallenden Versandkosten in Rechnung gestellt. Die spezifischen Einfuhr- und Zollbedingungen m\u00fcssen vom Besteller beachtet und getragen werden.<\/p>\n<p><b>\u00a7 5 Liefer- und Zahlungsbedingungen<\/b><br \/>Wir liefern Ihre Bestellung in der Regel innerhalb von 2 bis 3 Werktagen aus. Diese Lieferfrist ist jedoch unverbindlich, soweit nicht ausnahmsweise der Liefertermin verbindlich zugesagt wurde.<\/p>\n<p>Verzugszinsen: Kommt der Besteller in Zahlungsverzug, so sind wir berechtigt, Verzugszinsen in H\u00f6he von 5% \u00fcber dem von der Europ\u00e4ischen Zentralbank bekannt gegebenen Basiszinssatz p. a. zu fordern. Zus\u00e4tzlich f\u00e4llt f\u00fcr eine erforderliche Mahnung eine Geb\u00fchr von EUR 5,00 f\u00fcr unseren Mehraufwand und Schriftverkehr an.<\/p>\n<p><b>\u00a7 6 Eigentumsvorbehalt<\/b><br \/>Die Waren bleiben nach \u00a7 449 BGB bis zur vollst\u00e4ndigen Bezahlung unser Eigentum. Wir sind berechtigt, bei vertragswidrigem Verhalten, insbesondere bei Zahlungsverzug, vom Vertrag zur\u00fcckzutreten und die Ware zur\u00fcckzuverlangen.<\/p>\n<p><a name=\"Widerrufsbelehrung\"><\/a><b>\u00a7 7 Widerrufsrecht f\u00fcr Verbraucher<\/b><\/p>\n<p><b>&#8211; Widerrufsbelehrung &#8211;<\/b><\/p>\n<p><b>Widerrufsrecht<\/b><\/p>\n<p>Sie haben das Recht, binnen vierzehn Tagen ohne Angabe von Gr\u00fcnden diesen Vertrag zu widerrufen.<\/p>\n<p>Die Widerrufsfrist betr\u00e4gt vierzehn Tage ab dem Tag an dem Sie oder ein von Ihnen benannter Dritter, der nicht der Bef\u00f6rderer ist, die Waren in Besitz genommen haben bzw. hat.<\/p>\n<p>Um Ihr Widerrufsrecht auszu\u00fcben, m\u00fcssen Sie uns (swk21media GmbH &amp; Co. KG, Kleinenberger Ring 47, D-31812 Bad Pyrmont; kontakt@viteffect.com) mittels einer eindeutigen Erkl\u00e4rung (z. B. ein mit der Post versandter Brief, Telefax oder E-Mail) \u00fcber Ihren Entschluss, diesen Vertrag zu widerrufen, informieren. Sie k\u00f6nnen daf\u00fcr das beigef\u00fcgte Muster- Widerrufsformular verwenden, das jedoch nicht vorgeschrieben ist.<\/p>\n<p>Zur Wahrung der Widerrufsfrist reicht es aus, dass Sie die Mitteilung \u00fcber die Aus\u00fcbung des Widerrufsrechts vor Ablauf der Widerrufsfrist absenden.<\/p>\n<p><b>Folgen des Widerrufs<\/b><\/p>\n<p>Wenn Sie diesen Vertrag widerrufen, haben wir Ihnen alle Zahlungen, die wir von Ihnen erhalten haben, einschlie\u00dflich der Lieferkosten (mit Ausnahme der zus\u00e4tzlichen Kosten, die sich daraus ergeben, dass Sie eine andere Art der Lieferung als die von uns angebotene, g\u00fcnstigste Standardlieferung gew\u00e4hlt haben), unverz\u00fcglich und sp\u00e4testens binnen vierzehn Tagen ab dem Tag zur\u00fcckzuzahlen, an dem die Mitteilung \u00fcber Ihren Widerruf dieses Vertrags bei uns eingegangen ist. F\u00fcr diese R\u00fcckzahlung verwenden wir dasselbe Zahlungsmittel, das Sie bei der urspr\u00fcnglichen Transaktion eingesetzt haben, es sei denn, mit Ihnen wurde ausdr\u00fccklich etwas anderes vereinbart; in keinem Fall werden Ihnen wegen dieser R\u00fcckzahlung Entgelte berechnet. Wir k\u00f6nnen die R\u00fcckzahlung verweigern, bis wir die Waren wieder zur\u00fcckerhalten haben oder bis Sie den Nachweis erbracht haben, dass Sie die Waren zur\u00fcckgesandt haben, je nachdem, welches der fr\u00fchere Zeitpunkt ist.<\/p>\n<p>Sie haben die Waren unverz\u00fcglich und in jedem Fall sp\u00e4testens binnen vierzehn Tagen ab dem Tag, an dem Sie uns \u00fcber den Widerruf dieses Vertrags unterrichten, an swk21media GmbH &amp; Co. KG, Sonnenring 7, D-84036 Kumhausen zur\u00fcckzusenden oder zu \u00fcbergeben. Die Frist ist gewahrt, wenn Sie die Waren vor Ablauf der Frist von vierzehn Tagen absenden.<\/p>\n<div>Unsere Verpackungsrichtlinien f\u00fcr R\u00fccksendungen:<\/div>\n<ol>\n<li>Zustand der Verpackung:\n<ul>\n<li>Die Produkte sollten in der Originalverpackung zur\u00fcckgesendet werden, sofern m\u00f6glich.<\/li>\n<li>Falls die Originalverpackung nicht mehr vorhanden ist, muss eine stabile Verpackung verwendet werden, die den Artikel vor Sch\u00e4den sch\u00fctzt.<\/li>\n<\/ul>\n<\/li>\n<li>Verpackungssicherheit:\n<ul>\n<li>Empfindliche Artikel sind mit geeignetem Polstermaterial (z. B. Luftpolsterfolie) zu sichern, um Transportsch\u00e4den zu vermeiden.<\/li>\n<li>Alle Teile des Produkts sowie Zubeh\u00f6r m\u00fcssen vollst\u00e4ndig und sicher verpackt sein.<\/li>\n<\/ul>\n<\/li>\n<li>Etikettierung:\n<ul>\n<li>Alte Etiketten oder Barcodes, die nicht mehr relevant sind, sollten entfernt oder unkenntlich gemacht werden.<\/li>\n<\/ul>\n<\/li>\n<li>Versiegelung:\n<ul>\n<li>Die Verpackung muss ordnungsgem\u00e4\u00df versiegelt sein, um ein \u00d6ffnen w\u00e4hrend des Transports zu verhindern.<\/li>\n<\/ul>\n<\/li>\n<\/ol>\n<p>Sie tragen die unmittelbaren Kosten der R\u00fccksendung der Waren.<\/p>\n<p><b>&#8211; Ende der Widerrufsbelehrung &#8211;<\/b><\/p>\n<p><b>\u00a7 8 M\u00e4ngelhaftung<\/b><br \/>Liegt ein Mangel der Kaufsache vor, kann der Besteller Nacherf\u00fcllung (M\u00e4ngelbeseitigung oder Ersatzlieferung) verlangen. Ist dies nicht m\u00f6glich, so kann der Besteller bei einem nicht unerheblichen Mangel vom Vertrag zur\u00fccktreten, den Kaufpreis mindern oder Schadenersatz geltend machen.<\/p>\n<p>Soweit sich nachstehend nichts anderes ergibt, sind weitergehende Anspr\u00fcche des Bestellers \u2013 gleich aus welchen Rechtsgr\u00fcnden \u2013 ausgeschlossen. Wir haften deshalb nicht f\u00fcr Sch\u00e4den, die nicht am Liefergegenstand selbst entstanden sind; insbesondere haften wir nicht f\u00fcr entgangenen Gewinn oder f\u00fcr sonstige Verm\u00f6genssch\u00e4den des Bestellers. Soweit die Haftung von uns ausgeschlossen oder beschr\u00e4nkt ist, gilt die auch f\u00fcr die pers\u00f6nliche Haftung von Arbeitnehmern, Vertretern und Erf\u00fcllungsgehilfen.<\/p>\n<p>Vorstehende Haftungsbeschr\u00e4nkung gilt nicht, soweit die Schadensursache auf Vorsatz oder grober Fahrl\u00e4ssigkeit beruht oder ein Personenschaden vorliegt. Sie gilt ferner dann nicht, wenn der Besteller Anspr\u00fcche aus \u00a7\u00a7 1, 4 Produkthaftungsgesetz geltend macht.<br \/>Sofern wir fahrl\u00e4ssig eine vertragswesentliche Pflicht verletzen, ist die Ersatzpflicht f\u00fcr Sachsch\u00e4den auf den typischerweise entstehenden Schaden beschr\u00e4nkt.<br \/>Erfolgt die Nacherf\u00fcllung im Wege einer Ersatzlieferung, ist der Besteller verpflichtet, die zuerst gelieferte Ware innerhalb von 30 Tagen an uns zur\u00fcckzusenden. Geht die Ware nicht innerhalb dieser Frist bei uns ein, sind wir berechtigt, den Kaufpreis f\u00fcr das Ersatzprodukt zu verrechnen und den Betrag von dem zur Zahlung benannten Zahlungsmittel abzubuchen.<\/p>\n<p>Die Verj\u00e4hrungsfrist betr\u00e4gt vierundzwanzig Monate, gerechnet ab Lieferung.<\/p>\n<p><b>\u00a7 9 Hinweise zu Lebensmitteln und Nahrungserg\u00e4nzungsmitteln<\/b><br \/>Unter unseren Produkten werden keine Lebensmittel oder Nahrungserg\u00e4nzungsmittel angeboten, deren Inhaltsstoffe oder Zusammensetzungen dem Arzneimittelgesetz unterliegen.<br \/>Alle beschriebenen Einnahmeempfehlungen oder Wirkungsweisen beruhen lediglich auf Erfahrungswerten und sich nicht als wissenschaftlich gesicherte Angaben zu verstehen.<br \/>Bitte begeben Sie sich bei ernsthaften gesundheitlichen (k\u00f6rperlichen oder psychischen) Beschwerden in professionelle medizinische oder therapeutische Behandlung.<\/p>\n<p><b>\u00a7 10 Datenschutz<\/b><br \/>Der Besteller stimmt der Erhebung, Verarbeitung und Nutzung personenbezogener Daten bei uns (oder von uns beauftragten Dienstleistern) ausdr\u00fccklich zu. Wir nutzen diese f\u00fcr die Abwicklung der Bestellung und f\u00fcr Werbezwecke. Diese Erlaubnis kann jederzeit vom Besteller widerrufen werden.<\/p>\n<p><b>\u00a7 11 Anwendbares Recht und Gerichtsstand<\/b><br \/>Es gilt deutsches Recht unter Ausschluss des UN-Kaufrechts. Ausschlie\u00dflicher Gerichtsstand f\u00fcr alle Anspr\u00fcche im Zusammenhang mit der Gesch\u00e4ftsbeziehung ist das f\u00fcr unseren Firmensitz zust\u00e4ndige Gericht.<br \/>Die swk21media GmbH &amp; Co. KG ist berechtigt, auch am allgemeinen Gerichtsstand des Bestellers zu klagen.<\/p>\n[\/vc_column_text][\/vc_column][\/vc_row][vc_row][vc_column][vc_column_text]<div class=\"woocommerce woocommerce-gzd woocommerce-gzd-complaints-shortcode\">\n\t\t\t<h3>Alternative Dispute Resolution in accordance with Art. 14 (1) ODR-VO and \u00a7 36 VSBG:<\/h3>\n\t\nZur Teilnahme an einem Streitbeilegungsverfahren vor einer Verbraucherschlichtungsstelle sind wir nicht verpflichtet und nicht bereit.<\/div>[\/vc_column_text][\/vc_column][\/vc_row]\n<\/div>","protected":false},"excerpt":{"rendered":"[vc_row][vc_column][vc_column_text] Allgemeine Gesch\u00e4ftsbedingungen [\/vc_column_text][vc_empty_space][\/vc_column][\/vc_row][vc_row][vc_column][vc_column_text] Firma: swk21media GmbH &amp; Co. KG Adresse f\u00fcr R\u00fccksendungen:Sonnenring 7,84036 Kumhausen Firmensitz:Kleinenberger Ring 4731812 Bad Pyrmont Amtsgericht Hannover: HRA 205956USt.-ID.: DE358800728 Tel: 05285 \/ 9907887E-Mail: kontakt@viteffect.de Pers\u00f6nlichhaftende Gesellschafterin:swk21media Verwaltungs GmbH Sitz: Bad PyrmontAmtsgericht Hannover: HRB 224436Gesch\u00e4ftsf\u00fchrer: Gunther Swoboda F\u00fcr Vertr\u00e4ge mit Verbrauchern(Versand- einschlie\u00dflich Onlinehandel) \u00a7 1 GeltungsbereichF\u00fcr alle gegenw\u00e4rtigen und zuk\u00fcnftigen [&#8230;]\n","protected":false},"author":2,"featured_media":0,"parent":0,"menu_order":0,"comment_status":"closed","ping_status":"closed","template":"page-blank-title-center.php","meta":{"_acf_changed":false,"footnotes":"","_links_to":"","_links_to_target":""},"class_list":["post-34056","page","type-page","status-publish","hentry"],"acf":[],"_links":{"self":[{"href":"https:\/\/viteffect.de\/pl\/wp-json\/wp\/v2\/pages\/34056","targetHints":{"allow":["GET"]}}],"collection":[{"href":"https:\/\/viteffect.de\/pl\/wp-json\/wp\/v2\/pages"}],"about":[{"href":"https:\/\/viteffect.de\/pl\/wp-json\/wp\/v2\/types\/page"}],"author":[{"embeddable":true,"href":"https:\/\/viteffect.de\/pl\/wp-json\/wp\/v2\/users\/2"}],"replies":[{"embeddable":true,"href":"https:\/\/viteffect.de\/pl\/wp-json\/wp\/v2\/comments?post=34056"}],"version-history":[{"count":5,"href":"https:\/\/viteffect.de\/pl\/wp-json\/wp\/v2\/pages\/34056\/revisions"}],"predecessor-version":[{"id":54547,"href":"https:\/\/viteffect.de\/pl\/wp-json\/wp\/v2\/pages\/34056\/revisions\/54547"}],"wp:attachment":[{"href":"https:\/\/viteffect.de\/pl\/wp-json\/wp\/v2\/media?parent=34056"}],"curies":[{"name":"wp","href":"https:\/\/api.w.org\/{rel}","templated":true}]}}