{"id":34027,"date":"2015-10-28T15:37:49","date_gmt":"2015-10-28T14:37:49","guid":{"rendered":"https:\/\/viteffect.de\/product\/viteffect21g-himalaya-karnityna-globulki\/"},"modified":"2022-12-14T09:01:46","modified_gmt":"2022-12-14T08:01:46","slug":"viteffect21g-himalaya-karnityna-globulki","status":"publish","type":"product","link":"https:\/\/viteffect.de\/pl\/produkt\/viteffect21g-himalaya-karnityna-globulki\/","title":{"rendered":"VitEffect21G\u00ae Himalaya Karnityna Globulki"},"content":{"rendered":"<p>Sk\u0142adniki surowcowe to ksylitol (min. 98%), hypromeloza, aqua, a tak\u017ce \u015bladowe ilo\u015bci specyfiku.\u00a0S\u00f3l himalajska i L-karnityna.<\/p>\n<p>VitEffect21G\u00ae jest bez cukru (bez sacharozy), bez homeopatii i bez alkoholu.<\/p>\n<p><strong>Informacje prawne:<\/strong><br \/>\n15ml = 29,90 Euro; 150ml = 299,00 Euro (VitEffect21G\u00ae).<br \/>\n<em>Wszystkie ceny zawieraj\u0105 7% VAT<\/em><\/p>\n","protected":false},"excerpt":{"rendered":"<p>Ceny zawieraj\u0105 podatek VAT.<\/p>\n<p><strong>Voucher do zrealizowania w koszyku<\/strong><\/p>\n<p><strong>Ceny ilo\u015bciowe VitEffect21G\u00ae Himalaya-Carnitine-Globuli:<\/strong><\/p>\n<style type=\"text\/css\">#go-pricing-table-44080 .gw-go-col-wrap { min-width:130px; } #go-pricing-table-44080 .gw-go-col-inner { border-radius:0 0 0 0; } #go-pricing-table-44080 .gw-go-tooltip-content { background-color:#9d9d9d;color:#666; } #go-pricing-table-44080 .gw-go-tooltip:before { border-top-color:#9d9d9d; } #go-pricing-table-44080 .gw-go-col-wrap-0 .gw-go-col.gw-go-clean-style12 .gw-go-header h3 { color:#2c932c; } #go-pricing-table-44080 .gw-go-col-wrap-0 .gw-go-col.gw-go-clean-style12 .gw-go-btn { background-color:#2c932c; } #go-pricing-table-44080 .gw-go-col-wrap-0 .gw-go-header h3 { line-height:10px !important; font-weight:bold !important; } #go-pricing-table-44080 .gw-go-col-wrap-0 .gw-go-header h3 small { font-size:18px !important; line-height:10px !important; font-weight:bold !important; } #go-pricing-table-44080 .gw-go-col-wrap-0 .gw-go-body li[data-row-index=\"0\"] { font-size:16px !important; line-height:25px !important; } #go-pricing-table-44080 .gw-go-col-wrap-0 .gw-go-body li[data-row-index=\"1\"] { font-size:16px !important; line-height:25px !important; } #go-pricing-table-44080 .gw-go-col-wrap-0 .gw-go-body li[data-row-index=\"2\"] { font-size:16px !important; line-height:25px !important; } #go-pricing-table-44080 .gw-go-col-wrap-0 .gw-go-body li[data-row-index=\"3\"] { font-size:16px !important; line-height:25px !important; } #go-pricing-table-44080 .gw-go-col-wrap-1 .gw-go-col.gw-go-clean-style12 .gw-go-header h3 { color:#2c932c; } #go-pricing-table-44080 .gw-go-col-wrap-1 .gw-go-col.gw-go-clean-style12 .gw-go-btn { background-color:#2c932c; } #go-pricing-table-44080 .gw-go-col-wrap-1 .gw-go-header h3 { line-height:10px !important; font-weight:bold !important; } #go-pricing-table-44080 .gw-go-col-wrap-1 .gw-go-header h3 small { font-size:18px !important; line-height:10px !important; font-weight:bold !important; } #go-pricing-table-44080 .gw-go-col-wrap-1 .gw-go-body li[data-row-index=\"0\"] { font-size:16px !important; line-height:25px !important; } #go-pricing-table-44080 .gw-go-col-wrap-1 .gw-go-body li[data-row-index=\"1\"] { font-size:16px !important; line-height:25px !important; } #go-pricing-table-44080 .gw-go-col-wrap-1 .gw-go-body li[data-row-index=\"2\"] { font-size:16px !important; line-height:25px !important; } #go-pricing-table-44080 .gw-go-col-wrap-1 .gw-go-body li[data-row-index=\"3\"] { font-size:16px !important; line-height:25px !important; } #go-pricing-table-44080 .gw-go { visibility:inherit; }<\/style><div id=\"go-pricing-table-44080\" class=\"go-pricing\" style=\"margin-bottom:20px;\"><div class=\"gw-go gw-go-clearfix gw-go-2cols\" data-id=\"44080\" data-colnum=\"2\" data-equalize=\"{&quot;column&quot;:&quot;1&quot;,&quot;body&quot;:&quot;1&quot;,&quot;footer&quot;:&quot;1&quot;}\" data-views=\"{&quot;tp&quot;:{&quot;min&quot;:&quot;768&quot;,&quot;max&quot;:&quot;959&quot;,&quot;cols&quot;:&quot;&quot;},&quot;ml&quot;:{&quot;min&quot;:&quot;480&quot;,&quot;max&quot;:&quot;767&quot;,&quot;cols&quot;:&quot;2&quot;},&quot;mp&quot;:{&quot;min&quot;:&quot;&quot;,&quot;max&quot;:&quot;479&quot;,&quot;cols&quot;:&quot;2&quot;}}\"><div class=\"gw-go-col-wrap gw-go-col-wrap-0 gw-go-hover gw-go-disable-enlarge gw-go-disable-hover\" data-current=\"1\" data-col-index=\"0\"><div class=\"gw-go-col gw-go-clean-style12\"><div class=\"gw-go-col-inner\"><div class=\"gw-go-col-inner-layer\"><\/div><div class=\"gw-go-col-inner-layer-over\"><\/div><div class=\"gw-go-header gw-go-header-standard\"><h3>Numer<small><\/small><\/h3><div class=\"gw-go-header-bottom\"><\/div><\/div><ul class=\"gw-go-body\"><li data-row-index=\"0\"><div class=\"gw-go-body-cell\">1 jednostka<\/div><\/li><li class=\"gw-go-even\" data-row-index=\"1\"><div class=\"gw-go-body-cell\">z 3 jednostek<\/div><\/li><li data-row-index=\"2\"><div class=\"gw-go-body-cell\">z 10 jednostek<\/div><\/li><li class=\"gw-go-even\" data-row-index=\"3\"><div class=\"gw-go-body-cell\">z 50 jednostek<\/div><\/li><\/ul><\/div><\/div><\/div><div class=\"gw-go-col-wrap gw-go-col-wrap-1 gw-go-hover gw-go-disable-enlarge gw-go-disable-hover\" data-current=\"1\" data-col-index=\"1\"><div class=\"gw-go-col gw-go-clean-style12\"><div class=\"gw-go-col-inner\"><div class=\"gw-go-col-inner-layer\"><\/div><div class=\"gw-go-col-inner-layer-over\"><\/div><div class=\"gw-go-header gw-go-header-standard\"><h3>Cena za jednostk\u0119<small><\/small><\/h3><div class=\"gw-go-header-bottom\"><\/div><\/div><ul class=\"gw-go-body\"><li data-row-index=\"0\"><div class=\"gw-go-body-cell\">35,90 \u20ac<\/div><\/li><li class=\"gw-go-even\" data-row-index=\"1\"><div class=\"gw-go-body-cell\">33,90 \u20ac<\/div><\/li><li data-row-index=\"2\"><div class=\"gw-go-body-cell\">29,90 \u20ac<\/div><\/li><li class=\"gw-go-even\" data-row-index=\"3\"><div class=\"gw-go-body-cell\">26,90 \u20ac<\/div><\/li><\/ul><\/div><\/div><\/div><\/div><\/div>\n","protected":false},"featured_media":34028,"template":"","meta":{"_acf_changed":false,"_links_to":"","_links_to_target":""},"product_brand":[],"product_cat":[199],"product_tag":[],"class_list":{"0":"post-34027","1":"product","2":"type-product","3":"status-publish","4":"has-post-thumbnail","6":"product_cat-globuli-pl","7":"product_shipping_class-salze-und-globuli-pl","9":"first","10":"instock","11":"taxable","12":"shipping-taxable","13":"purchasable","14":"product-type-simple"},"acf":[],"_links":{"self":[{"href":"https:\/\/viteffect.de\/pl\/wp-json\/wp\/v2\/product\/34027","targetHints":{"allow":["GET"]}}],"collection":[{"href":"https:\/\/viteffect.de\/pl\/wp-json\/wp\/v2\/product"}],"about":[{"href":"https:\/\/viteffect.de\/pl\/wp-json\/wp\/v2\/types\/product"}],"wp:featuredmedia":[{"embeddable":true,"href":"https:\/\/viteffect.de\/pl\/wp-json\/wp\/v2\/media\/34028"}],"wp:attachment":[{"href":"https:\/\/viteffect.de\/pl\/wp-json\/wp\/v2\/media?parent=34027"}],"wp:term":[{"taxonomy":"product_brand","embeddable":true,"href":"https:\/\/viteffect.de\/pl\/wp-json\/wp\/v2\/product_brand?post=34027"},{"taxonomy":"product_cat","embeddable":true,"href":"https:\/\/viteffect.de\/pl\/wp-json\/wp\/v2\/product_cat?post=34027"},{"taxonomy":"product_tag","embeddable":true,"href":"https:\/\/viteffect.de\/pl\/wp-json\/wp\/v2\/product_tag?post=34027"}],"curies":[{"name":"wp","href":"https:\/\/api.w.org\/{rel}","templated":true}]}}