{"id":39609,"date":"2021-11-28T18:01:53","date_gmt":"2021-11-28T17:01:53","guid":{"rendered":"https:\/\/viteffect.de\/product\/extragenuss-hafer-rezepte\/"},"modified":"2024-10-13T20:24:26","modified_gmt":"2024-10-13T18:24:26","slug":"extragenuss-hafer-rezepte","status":"publish","type":"product","link":"https:\/\/viteffect.de\/pl\/produkt\/extragenuss-hafer-rezepte\/","title":{"rendered":"10 DODATKOWA PRZYJEMNO\u015a\u0106 Z OTR\u0118BAMI OWSIANYMI"},"content":{"rendered":"<p>W tych broszurach znajdziesz 7 \u0142atwych do przygotowania przepis\u00f3w na otr\u0119by owsiane na etap redukcji i p\u00f3\u017aniej.<\/p>\n<p>Zawiera r\u00f3wnie\u017c 3 pyszne przepisy na desery z otr\u0119bami owsianymi.<\/p>\n<p>Rozpocznij kuracj\u0119 bezpiecznie z jeszcze wi\u0119ksz\u0105 ilo\u015bci\u0105 pysznych pomys\u0142\u00f3w na przepisy, teraz nowe z superfoodem &#8211; otr\u0119bami owsianymi!<\/p>\n","protected":false},"excerpt":{"rendered":"<p>Ceny zawieraj\u0105 podatek VAT.<\/p>\n<p>10 DODATKOWA PRZYJEMNO\u015a\u0106 Z OTR\u0118BAMI OWSIANYMI \u2014 z nowymi przepisami na otr\u0119by owsiane i wskaz\u00f3wkami!<\/p>\n<p><strong>Kupon nie jest wa\u017cny na ten produkt!<\/strong><\/p>\n<p><strong>Ceny ilo\u015bciowe broszury DODATKOWA PRZYJEMNO\u015a\u0106 Z OTR\u0118BAMI OWSIANYMI:<\/strong><\/p>\n<style type=\"text\/css\">#go-pricing-table-53722 .gw-go-col-wrap { min-width:130px; } #go-pricing-table-53722 .gw-go-col-inner { border-radius:0 0 0 0; } #go-pricing-table-53722 .gw-go-tooltip-content { background-color:#9d9d9d;color:#666; } #go-pricing-table-53722 .gw-go-tooltip:before { border-top-color:#9d9d9d; } #go-pricing-table-53722 .gw-go-col-wrap-0.gw-go-hover .gw-go-header-top { background-color:#2c932c; } #go-pricing-table-53722 .gw-go-col-wrap-0 .gw-go-price-wrap span, #go-pricing-table-53722 .gw-go-col-wrap-0 .gw-go-coinf div, #go-pricing-table-53722 .gw-go-col-wrap-0 .gw-go-coinb div { color:#2c932c; } #go-pricing-table-53722 .gw-go-col-wrap-0 .gw-go-header h3 { font-size:15px !important; line-height:12px !important; } #go-pricing-table-53722 .gw-go-col-wrap-0 .gw-go-price-wrap > span{ font-size:21px !important; line-height:10px !important; } #go-pricing-table-53722 .gw-go-col-wrap-1.gw-go-hover .gw-go-header-top { background-color:#2c932c; } #go-pricing-table-53722 .gw-go-col-wrap-1 .gw-go-price-wrap span, #go-pricing-table-53722 .gw-go-col-wrap-1 .gw-go-coinf div, #go-pricing-table-53722 .gw-go-col-wrap-1 .gw-go-coinb div { color:#2c932c; } #go-pricing-table-53722 .gw-go-col-wrap-1 .gw-go-header h3 { font-size:15px !important; line-height:12px !important; } #go-pricing-table-53722 .gw-go-col-wrap-1 .gw-go-price-wrap > span{ font-size:21px !important; } #go-pricing-table-53722 .gw-go { visibility:inherit; }<\/style><style>@media only screen and (max-width: 479px) { #go-pricing-table-53722 .gw-go-col-wrap { width:100%; } }<\/style><style>@media only screen and (max-width: 479px) { .gw-go-tooltip { left:50% !important; right:auto !important; transform: translateX(-50%) !important; margin-left:0!important; } .gw-go-tooltip-content:before { right:auto !important; left:50% !important; margin-left:-6px !important; } }<\/style><div id=\"go-pricing-table-53722\" class=\"go-pricing\" style=\"margin-bottom:20px;\"><div class=\"gw-go gw-go-clearfix gw-go-enlarge-current gw-go-2cols\" data-id=\"53722\" data-colnum=\"2\" data-equalize=\"{&quot;column&quot;:&quot;1&quot;,&quot;body&quot;:&quot;1&quot;,&quot;footer&quot;:&quot;1&quot;}\" data-views=\"{&quot;tp&quot;:{&quot;min&quot;:&quot;768&quot;,&quot;max&quot;:&quot;959&quot;,&quot;cols&quot;:&quot;&quot;},&quot;ml&quot;:{&quot;min&quot;:&quot;480&quot;,&quot;max&quot;:&quot;767&quot;,&quot;cols&quot;:&quot;2&quot;},&quot;mp&quot;:{&quot;min&quot;:&quot;&quot;,&quot;max&quot;:&quot;479&quot;,&quot;cols&quot;:&quot;1&quot;}}\"><div class=\"gw-go-col-wrap gw-go-col-wrap-0 gw-go-disable-enlarge\" data-col-index=\"0\"><div class=\"gw-go-col gw-go-clean-style1\"><div class=\"gw-go-col-inner\"><div class=\"gw-go-col-inner-layer\"><\/div><div class=\"gw-go-col-inner-layer-over\"><\/div><div class=\"gw-go-header gw-go-header-standard\"><div class=\"gw-go-header-top\"><h3>z 1 x 10 jednostek:<\/h3><\/div><div class=\"gw-go-header-bottom\"><div class=\"gw-go-price-wrap\"><span>9,00 \u20ac<\/span><small><\/small><\/div><\/div><\/div><\/div><\/div><\/div><div class=\"gw-go-col-wrap gw-go-col-wrap-1 gw-go-disable-enlarge\" data-col-index=\"1\"><div class=\"gw-go-col gw-go-clean-style1\"><div class=\"gw-go-col-inner\"><div class=\"gw-go-col-inner-layer\"><\/div><div class=\"gw-go-col-inner-layer-over\"><\/div><div class=\"gw-go-header gw-go-header-standard\"><div class=\"gw-go-header-top\"><h3>z 3 x 10 jednostek:<\/h3><\/div><div class=\"gw-go-header-bottom\"><div class=\"gw-go-price-wrap\"><span>7,50 \u20ac<\/span><small><\/small><\/div><\/div><\/div><\/div><\/div><\/div><\/div><\/div>\n<p>Dla r\u00f3\u017cnych j\u0119zyk\u00f3w broszur<\/p>\n<p>\ud83c\udde9\ud83c\uddea \ud83c\uddec\ud83c\udde7 \ud83c\uddeb\ud83c\uddf7 \ud83c\uddee\ud83c\uddf9 \ud83c\uddf1\ud83c\uddfa \ud83c\uddea\ud83c\uddf8 \u200b\u200b\ud83c\uddf5\ud83c\uddf1<\/p>\n<p>Wybierz opcj\u0119 \ud83d\udd3d<\/p>\n","protected":false},"featured_media":53703,"template":"","meta":{"_acf_changed":false,"_links_to":"","_links_to_target":""},"product_brand":[],"product_cat":[359],"product_tag":[],"class_list":{"0":"post-39609","1":"product","2":"type-product","3":"status-publish","4":"has-post-thumbnail","6":"product_cat-hafer-pl","7":"product_shipping_class-broschueren-pl","9":"first","10":"instock","11":"taxable","12":"shipping-taxable","13":"purchasable","14":"product-type-variable"},"acf":[],"_links":{"self":[{"href":"https:\/\/viteffect.de\/pl\/wp-json\/wp\/v2\/product\/39609","targetHints":{"allow":["GET"]}}],"collection":[{"href":"https:\/\/viteffect.de\/pl\/wp-json\/wp\/v2\/product"}],"about":[{"href":"https:\/\/viteffect.de\/pl\/wp-json\/wp\/v2\/types\/product"}],"wp:featuredmedia":[{"embeddable":true,"href":"https:\/\/viteffect.de\/pl\/wp-json\/wp\/v2\/media\/53703"}],"wp:attachment":[{"href":"https:\/\/viteffect.de\/pl\/wp-json\/wp\/v2\/media?parent=39609"}],"wp:term":[{"taxonomy":"product_brand","embeddable":true,"href":"https:\/\/viteffect.de\/pl\/wp-json\/wp\/v2\/product_brand?post=39609"},{"taxonomy":"product_cat","embeddable":true,"href":"https:\/\/viteffect.de\/pl\/wp-json\/wp\/v2\/product_cat?post=39609"},{"taxonomy":"product_tag","embeddable":true,"href":"https:\/\/viteffect.de\/pl\/wp-json\/wp\/v2\/product_tag?post=39609"}],"curies":[{"name":"wp","href":"https:\/\/api.w.org\/{rel}","templated":true}]}}