{"id":44031,"date":"2022-12-13T13:02:53","date_gmt":"2022-12-13T12:02:53","guid":{"rendered":"https:\/\/viteffect.de\/?post_type=product&#038;p=44031"},"modified":"2022-12-15T10:52:01","modified_gmt":"2022-12-15T09:52:01","slug":"broszura-kuracja-metaboliczna-2","status":"publish","type":"product","link":"https:\/\/viteffect.de\/pl\/produkt\/broszura-kuracja-metaboliczna-2\/","title":{"rendered":"Broszura &#8211; Kuracja Metaboliczna"},"content":{"rendered":"<div>W tej broszurze do\u0142\u0105czonej do kuracji metabolicznej znajdziesz zwi\u0119z\u0142y przegl\u0105d programu, r\u00f3\u017cne fazy i wiele pomocnych wskaz\u00f3wek.<\/div>\n<div><\/div>\n<div>Rozpocznij kuracj\u0119 bezpiecznie dzi\u0119ki wielu pysznym pomys\u0142om na przepisy, teraz tak\u017ce z wariantami wega\u0144skimi!<\/div>\n","protected":false},"excerpt":{"rendered":"<p>Ceny zawieraj\u0105 podatek VAT<\/p>\n<p>Broszura o leczeniu metabolizmu &#8211; ze \u015bwietnymi przepisami i wskaz\u00f3wkami!<\/p>\n<p><strong>Kuponu nie mo\u017cna wymieni\u0107 na ten produkt!<\/strong><\/p>\n<p>Dla r\u00f3\u017cnych j\u0119zyk\u00f3w broszur<\/p>\n<p>\ud83c\udde9\ud83c\uddea \ud83c\uddec\ud83c\udde7 \ud83c\uddeb\ud83c\uddf7 \ud83c\uddee\ud83c\uddf9 \ud83c\uddf1\ud83c\uddfa \ud83c\uddea\ud83c\uddf8 \u200b\u200b\ud83c\uddf5\ud83c\uddf1<\/p>\n<p>Wybierz opcj\u0119 \ud83d\udd3d<\/p>\n","protected":false},"featured_media":44169,"template":"","meta":{"_acf_changed":false,"_links_to":"","_links_to_target":""},"product_brand":[],"product_cat":[207],"product_tag":[],"class_list":{"0":"post-44031","1":"product","2":"type-product","3":"status-publish","4":"has-post-thumbnail","6":"product_cat-swkbegleitheft-pl","7":"product_shipping_class-broschueren-pl","9":"first","10":"instock","11":"taxable","12":"shipping-taxable","13":"purchasable","14":"product-type-variable"},"acf":[],"_links":{"self":[{"href":"https:\/\/viteffect.de\/pl\/wp-json\/wp\/v2\/product\/44031","targetHints":{"allow":["GET"]}}],"collection":[{"href":"https:\/\/viteffect.de\/pl\/wp-json\/wp\/v2\/product"}],"about":[{"href":"https:\/\/viteffect.de\/pl\/wp-json\/wp\/v2\/types\/product"}],"wp:featuredmedia":[{"embeddable":true,"href":"https:\/\/viteffect.de\/pl\/wp-json\/wp\/v2\/media\/44169"}],"wp:attachment":[{"href":"https:\/\/viteffect.de\/pl\/wp-json\/wp\/v2\/media?parent=44031"}],"wp:term":[{"taxonomy":"product_brand","embeddable":true,"href":"https:\/\/viteffect.de\/pl\/wp-json\/wp\/v2\/product_brand?post=44031"},{"taxonomy":"product_cat","embeddable":true,"href":"https:\/\/viteffect.de\/pl\/wp-json\/wp\/v2\/product_cat?post=44031"},{"taxonomy":"product_tag","embeddable":true,"href":"https:\/\/viteffect.de\/pl\/wp-json\/wp\/v2\/product_tag?post=44031"}],"curies":[{"name":"wp","href":"https:\/\/api.w.org\/{rel}","templated":true}]}}