{"id":45121,"date":"2023-01-11T18:03:42","date_gmt":"2023-01-11T17:03:42","guid":{"rendered":"https:\/\/viteffect.de\/product\/45121\/"},"modified":"2024-10-13T19:31:44","modified_gmt":"2024-10-13T17:31:44","slug":"kuracja-metaboliczna-zestaw-startowy","status":"publish","type":"product","link":"https:\/\/viteffect.de\/pl\/produkt\/kuracja-metaboliczna-zestaw-startowy\/","title":{"rendered":"Kuracja Metaboliczna zestaw startowy (Globulki)"},"content":{"rendered":"<p><strong>VitEffect21G\u00ae Himalaya Karnityna Globulki:<\/strong><\/p>\n<p>Sk\u0142adniki surowcowe to ksylitol (min. 98%), hypromeloza, aqua, a tak\u017ce \u015bladowe ilo\u015bci specyfiku.\u00a0S\u00f3l himalajska i L-karnityna.<\/p>\n<p>VitEffect21G\u00ae jest bez cukru (bez sacharozy), bez homeopatii i bez alkoholu.<\/p>\n<p><strong>Informacje prawne:<\/strong><br \/>\n15ml = 29,90 Euro; 150ml = 299,00 Euro (VitEffect21G\u00ae).<br \/>\nWszystkie ceny zawieraj\u0105 7% VAT<\/p>\n<p><strong>Broszura z <\/strong><b>DODATKOWA PRZYJEMNO\u015a\u0106 <\/b><b>Z OTR\u0118BAMI OWSIANYMI<\/b><strong>:<\/strong><\/p>\n<p>W tej broszurze do\u0142\u0105czonej do kuracji metabolicznej znajdziesz zwi\u0119z\u0142y przegl\u0105d programu, r\u00f3\u017cne fazy i wiele przydatnych wskaz\u00f3wek.<\/p>\n<p>Do\u0142\u0105czona broszura DODATKOWA PRZYJEMNO\u015a\u0106 Z OTR\u0118BAMI OWSIANYMI uzupe\u0142nia ksi\u0105\u017ceczk\u0119 o 7 \u0142atwych do przyrz\u0105dzenia przepis\u00f3w na otr\u0119by owsiane na faz\u0119 redukcji i po niej oraz dodatkowo 3 przepisy na pyszne desery z otr\u0119b\u00f3w owsianych.<\/p>\n<p>Bezpiecznie rozpocznij kuracj\u0119 dzi\u0119ki jeszcze bardziej pysznym pomys\u0142om na przepisy, teraz z OTR\u0118BAMI OWSIANYMI Superfood!<\/p>\n","protected":false},"excerpt":{"rendered":"<p>Ceny zawieraj\u0105 podatek VAT<\/p>\n<p>Na doskona\u0142y pocz\u0105tek kuracji metabolicznej, nasze bestsellery:<\/p>\n<p>VitEffect21G\u00ae Himalaya Karnityna Globulki<\/p>\n<p>i<br \/>\n<strong>Broszura z <b>DODATKOWA PRZYJEMNO\u015a\u0106 <\/b><b>Z OTR\u0118BAMI OWSIANYMI.<\/b><\/strong><\/p>\n<p>Dla r\u00f3\u017cnych j\u0119zyk\u00f3w broszur<\/p>\n<p>\ud83c\udde9\ud83c\uddea \ud83c\uddec\ud83c\udde7 \ud83c\uddeb\ud83c\uddf7 \ud83c\uddee\ud83c\uddf9 \ud83c\uddf1\ud83c\uddfa \ud83c\uddea\ud83c\uddf8 \u200b\u200b\ud83c\uddf5\ud83c\uddf1<\/p>\n<p>Wybierz opcj\u0119 \ud83d\udd3d<\/p>\n","protected":false},"featured_media":53427,"template":"","meta":{"_acf_changed":false,"_links_to":"","_links_to_target":""},"product_brand":[],"product_cat":[199],"product_tag":[],"class_list":{"0":"post-45121","1":"product","2":"type-product","3":"status-publish","4":"has-post-thumbnail","6":"product_cat-globuli-pl","7":"product_shipping_class-broschueren-pl","9":"first","10":"instock","11":"taxable","12":"shipping-taxable","13":"purchasable","14":"product-type-variable"},"acf":[],"_links":{"self":[{"href":"https:\/\/viteffect.de\/pl\/wp-json\/wp\/v2\/product\/45121","targetHints":{"allow":["GET"]}}],"collection":[{"href":"https:\/\/viteffect.de\/pl\/wp-json\/wp\/v2\/product"}],"about":[{"href":"https:\/\/viteffect.de\/pl\/wp-json\/wp\/v2\/types\/product"}],"wp:featuredmedia":[{"embeddable":true,"href":"https:\/\/viteffect.de\/pl\/wp-json\/wp\/v2\/media\/53427"}],"wp:attachment":[{"href":"https:\/\/viteffect.de\/pl\/wp-json\/wp\/v2\/media?parent=45121"}],"wp:term":[{"taxonomy":"product_brand","embeddable":true,"href":"https:\/\/viteffect.de\/pl\/wp-json\/wp\/v2\/product_brand?post=45121"},{"taxonomy":"product_cat","embeddable":true,"href":"https:\/\/viteffect.de\/pl\/wp-json\/wp\/v2\/product_cat?post=45121"},{"taxonomy":"product_tag","embeddable":true,"href":"https:\/\/viteffect.de\/pl\/wp-json\/wp\/v2\/product_tag?post=45121"}],"curies":[{"name":"wp","href":"https:\/\/api.w.org\/{rel}","templated":true}]}}