{"id":49271,"date":"2023-11-16T14:52:46","date_gmt":"2023-11-16T13:52:54","guid":{"rendered":"https:\/\/viteffect.de\/?post_type=product&#038;p=49271"},"modified":"2024-10-13T19:42:34","modified_gmt":"2024-10-13T17:42:34","slug":"kuracja-metaboliczna-zestaw-startowy-klasyk","status":"publish","type":"product","link":"https:\/\/viteffect.de\/pl\/produkt\/kuracja-metaboliczna-zestaw-startowy-klasyk\/","title":{"rendered":"Kuracja Metaboliczna zestaw startowy (soli himalajskiej)"},"content":{"rendered":"<p><strong>Nasz klasyk: Specjalna produkcja na bazie organicznej soli himalajskiej.<\/strong><\/p>\n<p>Jako sk\u0142adniki materia\u0142owe s\u0105 zar\u00f3wno nasze specjalnie przetworzonej soli himalajskiej,<br \/>\njak r\u00f3wnie\u017c \u015bladowe ilo\u015bci L-karnityny i organicznej kawy g\u00f3rskiej.<br \/>\n<strong>VitEffect21\u00ae jest bez cukru (bez sacharozy), bez homeopatii i bez alkoholu.<\/strong><\/p>\n<p><strong>Informacje prawne:<\/strong><br \/>\n10g = 29,90 Euro; 100g = 373,75 Euro (VitEffect21).<br \/>\n<em>Wszystkie ceny zawieraj\u0105 7% VAT<\/em><\/p>\n<p>i<\/p>\n<p><strong>Broszura z DODATKOWA PRZYJEMNO\u015a\u0106 Z OTR\u0118BAMI OWSIANYMI:<\/strong><\/p>\n<p>W tej broszurze do\u0142\u0105czonej do kuracji metabolicznej znajdziesz zwi\u0119z\u0142y przegl\u0105d programu, r\u00f3\u017cne fazy i wiele przydatnych wskaz\u00f3wek.<\/p>\n<p>Do\u0142\u0105czona broszura DODATKOWA PRZYJEMNO\u015a\u0106 Z OTR\u0118BAMI OWSIANYMI uzupe\u0142nia ksi\u0105\u017ceczk\u0119 o 7 \u0142atwych do przyrz\u0105dzenia przepis\u00f3w na otr\u0119by owsiane na faz\u0119 redukcji i po niej oraz dodatkowo 3 przepisy na pyszne desery z otr\u0119b\u00f3w owsianych.<\/p>\n<p>Bezpiecznie rozpocznij kuracj\u0119 dzi\u0119ki jeszcze bardziej pysznym pomys\u0142om na przepisy, teraz z OTR\u0118BAMI OWSIANYMI Superfood!<\/p>\n","protected":false},"excerpt":{"rendered":"<p>Ceny zawieraj\u0105 podatek VAT<\/p>\n<p>Na doskona\u0142y pocz\u0105tek kuracji metabolicznej, nasze bestsellery:<\/p>\n<p><strong>Nasz klasyk: Specjalna produkcja na bazie organicznej soli himalajskiej.<\/strong><\/p>\n<p>i<\/p>\n<p><strong>Broszura z DODATKOWA PRZYJEMNO\u015a\u0106 Z OTR\u0118BAMI OWSIANYMI.<\/strong><\/p>\n<p>Dla r\u00f3\u017cnych j\u0119zyk\u00f3w broszur<\/p>\n<p>\ud83c\udde9\ud83c\uddea \ud83c\uddec\ud83c\udde7 \ud83c\uddeb\ud83c\uddf7 \ud83c\uddee\ud83c\uddf9 \ud83c\uddf1\ud83c\uddfa \ud83c\uddea\ud83c\uddf8 \u200b\u200b\ud83c\uddf5\ud83c\uddf1<\/p>\n<p>Wybierz opcj\u0119 \ud83d\udd3d<\/p>\n","protected":false},"featured_media":53328,"template":"","meta":{"_acf_changed":false,"_links_to":"","_links_to_target":""},"product_brand":[],"product_cat":[197],"product_tag":[],"class_list":{"0":"post-49271","1":"product","2":"type-product","3":"status-publish","4":"has-post-thumbnail","6":"product_cat-himalayasalz-pl","7":"product_shipping_class-broschueren-pl","9":"first","10":"instock","11":"taxable","12":"shipping-taxable","13":"purchasable","14":"product-type-variable"},"acf":[],"_links":{"self":[{"href":"https:\/\/viteffect.de\/pl\/wp-json\/wp\/v2\/product\/49271","targetHints":{"allow":["GET"]}}],"collection":[{"href":"https:\/\/viteffect.de\/pl\/wp-json\/wp\/v2\/product"}],"about":[{"href":"https:\/\/viteffect.de\/pl\/wp-json\/wp\/v2\/types\/product"}],"wp:featuredmedia":[{"embeddable":true,"href":"https:\/\/viteffect.de\/pl\/wp-json\/wp\/v2\/media\/53328"}],"wp:attachment":[{"href":"https:\/\/viteffect.de\/pl\/wp-json\/wp\/v2\/media?parent=49271"}],"wp:term":[{"taxonomy":"product_brand","embeddable":true,"href":"https:\/\/viteffect.de\/pl\/wp-json\/wp\/v2\/product_brand?post=49271"},{"taxonomy":"product_cat","embeddable":true,"href":"https:\/\/viteffect.de\/pl\/wp-json\/wp\/v2\/product_cat?post=49271"},{"taxonomy":"product_tag","embeddable":true,"href":"https:\/\/viteffect.de\/pl\/wp-json\/wp\/v2\/product_tag?post=49271"}],"curies":[{"name":"wp","href":"https:\/\/api.w.org\/{rel}","templated":true}]}}